{"id":3591,"date":"2023-09-28T17:29:43","date_gmt":"2023-09-28T15:29:43","guid":{"rendered":"https:\/\/ankarsa.com\/obra-industrial\/"},"modified":"2025-06-10T17:59:47","modified_gmt":"2025-06-10T15:59:47","slug":"obra-industrial","status":"publish","type":"page","link":"https:\/\/ankarsa.com\/pt-pt\/obra-industrial\/","title":{"rendered":"Obra industrial"},"content":{"rendered":"\t\t<div data-elementor-type=\"wp-page\" data-elementor-id=\"3591\" class=\"elementor elementor-3591\">\n\t\t\t\t\t\t<section class=\"elementor-section elementor-top-section elementor-element elementor-element-1f9e65d elementor-section-full_width s-cabecera bg-dark elementor-section-height-default elementor-section-height-default\" data-id=\"1f9e65d\" data-element_type=\"section\">\n\t\t\t\t\t\t<div class=\"elementor-container elementor-column-gap-default\">\n\t\t\t\t\t<div class=\"elementor-column elementor-col-100 elementor-top-column elementor-element elementor-element-81c59a0\" data-id=\"81c59a0\" data-element_type=\"column\">\n\t\t\t<div class=\"elementor-widget-wrap elementor-element-populated\">\n\t\t\t\t\t\t<div class=\"elementor-element elementor-element-deec468 elementor-widget elementor-widget-image\" data-id=\"deec468\" data-element_type=\"widget\" data-widget_type=\"image.default\">\n\t\t\t\t<div class=\"elementor-widget-container\">\n\t\t\t\t\t\t\t\t\t\t\t\t\t\t\t<img fetchpriority=\"high\" decoding=\"async\" width=\"1921\" height=\"340\" src=\"https:\/\/ankarsa.com\/wp-content\/uploads\/image-obra-industria.jpg\" class=\"attachment-full size-full wp-image-1703\" alt=\"\" srcset=\"https:\/\/ankarsa.com\/wp-content\/uploads\/image-obra-industria.jpg 1921w, https:\/\/ankarsa.com\/wp-content\/uploads\/image-obra-industria-300x53.jpg 300w, https:\/\/ankarsa.com\/wp-content\/uploads\/image-obra-industria-1024x181.jpg 1024w, https:\/\/ankarsa.com\/wp-content\/uploads\/image-obra-industria-768x136.jpg 768w, https:\/\/ankarsa.com\/wp-content\/uploads\/image-obra-industria-1536x272.jpg 1536w\" sizes=\"(max-width: 1921px) 100vw, 1921px\" \/>\t\t\t\t\t\t\t\t\t\t\t\t\t\t\t<\/div>\n\t\t\t\t<\/div>\n\t\t\t\t\t<\/div>\n\t\t<\/div>\n\t\t\t\t\t<\/div>\n\t\t<\/section>\n\t\t\t\t<section class=\"elementor-section elementor-top-section elementor-element elementor-element-5ac555c s-main --home pb-100 elementor-section-boxed elementor-section-height-default elementor-section-height-default\" data-id=\"5ac555c\" data-element_type=\"section\">\n\t\t\t\t\t\t<div class=\"elementor-container elementor-column-gap-default\">\n\t\t\t\t\t<div class=\"elementor-column elementor-col-100 elementor-top-column elementor-element elementor-element-a6a9ab3\" data-id=\"a6a9ab3\" data-element_type=\"column\">\n\t\t\t<div class=\"elementor-widget-wrap elementor-element-populated\">\n\t\t\t\t\t\t<div class=\"elementor-element elementor-element-04e821f elementor-widget elementor-widget-heading\" data-id=\"04e821f\" data-element_type=\"widget\" data-widget_type=\"heading.default\">\n\t\t\t\t<div class=\"elementor-widget-container\">\n\t\t\t\t\t<h1 class=\"elementor-heading-title elementor-size-default\">Obra Industrial<\/h1>\t\t\t\t<\/div>\n\t\t\t\t<\/div>\n\t\t\t\t<div class=\"elementor-element elementor-element-cf9b27e c-migas elementor-widget elementor-widget-text-editor\" data-id=\"cf9b27e\" data-element_type=\"widget\" data-widget_type=\"text-editor.default\">\n\t\t\t\t<div class=\"elementor-widget-container\">\n\t\t\t\t\t\t\t\t\tHome \/ Atividades \/ <strong>Obra Industrial<\/strong>\t\t\t\t\t\t\t\t<\/div>\n\t\t\t\t<\/div>\n\t\t\t\t<div class=\"elementor-element elementor-element-3bef093 fz-20 elementor-widget elementor-widget-text-editor\" data-id=\"3bef093\" data-element_type=\"widget\" data-widget_type=\"text-editor.default\">\n\t\t\t\t<div class=\"elementor-widget-container\">\n\t\t\t\t\t\t\t\t\t<div class=\"Entradilla\">\n<p><strong>A Ankarsa<\/strong> constr\u00f3i edif\u00edcios industriais projetados e adaptados para o desenvolvimento de atividades produtivas, para empresas nacionais e internacionais l\u00edderes no seu setor.<\/p>\n<\/div>\t\t\t\t\t\t\t\t<\/div>\n\t\t\t\t<\/div>\n\t\t\t\t<section class=\"elementor-section elementor-inner-section elementor-element elementor-element-b9d7cac w-gallery elementor-section-boxed elementor-section-height-default elementor-section-height-default\" data-id=\"b9d7cac\" data-element_type=\"section\">\n\t\t\t\t\t\t<div class=\"elementor-container elementor-column-gap-default\">\n\t\t\t\t\t<div class=\"elementor-column elementor-col-100 elementor-inner-column elementor-element elementor-element-606d295\" data-id=\"606d295\" data-element_type=\"column\">\n\t\t\t<div class=\"elementor-widget-wrap elementor-element-populated\">\n\t\t\t\t\t\t<div class=\"elementor-element elementor-element-6ae0463 elementor-widget elementor-widget-image\" data-id=\"6ae0463\" data-element_type=\"widget\" data-widget_type=\"image.default\">\n\t\t\t\t<div class=\"elementor-widget-container\">\n\t\t\t\t\t\t\t\t\t\t\t\t\t\t\t\t<a href=\"#OpenPopup\">\n\t\t\t\t\t\t\t<img decoding=\"async\" width=\"1180\" height=\"742\" src=\"https:\/\/ankarsa.com\/wp-content\/uploads\/collage-obra-industrial-1.png\" class=\"attachment-full size-full wp-image-2393\" alt=\"\" srcset=\"https:\/\/ankarsa.com\/wp-content\/uploads\/collage-obra-industrial-1.png 1180w, https:\/\/ankarsa.com\/wp-content\/uploads\/collage-obra-industrial-1-300x189.png 300w, https:\/\/ankarsa.com\/wp-content\/uploads\/collage-obra-industrial-1-1024x644.png 1024w, https:\/\/ankarsa.com\/wp-content\/uploads\/collage-obra-industrial-1-768x483.png 768w\" sizes=\"(max-width: 1180px) 100vw, 1180px\" \/>\t\t\t\t\t\t\t\t<\/a>\n\t\t\t\t\t\t\t\t\t\t\t\t\t\t\t<\/div>\n\t\t\t\t<\/div>\n\t\t\t\t<div class=\"elementor-element elementor-element-177ac64 --white elementor-mobile-align-center elementor-align-center elementor-widget elementor-widget-button\" data-id=\"177ac64\" data-element_type=\"widget\" data-widget_type=\"button.default\">\n\t\t\t\t<div class=\"elementor-widget-container\">\n\t\t\t\t\t\t\t\t\t<div class=\"elementor-button-wrapper\">\n\t\t\t\t\t<a class=\"elementor-button elementor-button-link elementor-size-sm\" href=\"#OpenPopup\">\n\t\t\t\t\t\t<span class=\"elementor-button-content-wrapper\">\n\t\t\t\t\t\t\t\t\t<span class=\"elementor-button-text\">Ver projetos<\/span>\n\t\t\t\t\t<\/span>\n\t\t\t\t\t<\/a>\n\t\t\t\t<\/div>\n\t\t\t\t\t\t\t\t<\/div>\n\t\t\t\t<\/div>\n\t\t\t\t<div class=\"elementor-element elementor-element-795e255 s-popup-actividades elementor-widget elementor-widget-shortcode\" data-id=\"795e255\" data-element_type=\"widget\" data-widget_type=\"shortcode.default\">\n\t\t\t\t<div class=\"elementor-widget-container\">\n\t\t\t\t\t\t\t<div class=\"elementor-shortcode\"><div id=\"Popup\" class=\"popup-actividades\"><div class=\"swiper-container swiper-container-actividades\"><img decoding=\"async\" class=\"close-popup\" src=\"\/wp-content\/uploads\/close-x.png\" alt=\"Cerrar Popup\"><div class=\"swiper-wrapper\"><div class=\"swiper-slide slide-1\"><div class=\"swiper-slide__img\"><img decoding=\"async\" class=\"slide-img\" src=\"https:\/\/ankarsa.com\/wp-content\/uploads\/bosh-obra-industrial.jpg\" alt=\"\"><div class=\"swiper-button-prev swiper-button-prev-actividades\"><\/div><div class=\"swiper-button-next swiper-button-next-actividades\"><\/div><\/div><div class=\"swiper-slide__inner\"><div class=\"container-logo container-textos\"><img decoding=\"async\" class=\"logo\" src=\"https:\/\/ankarsa.com\/wp-content\/uploads\/logo-bosh.png\" alt=\"\"><p class=\"ubicacion\">Aranjuez, Madrid<\/p><p class=\"descripcion\"><p><strong>Constru\u00e7\u00e3o de armaz\u00e9m e refeit\u00f3rio<\/strong>, Aranjuez, Madrid.<\/p>\n<ul>\n<li><strong>\u00c1rea de interven\u00e7\u00e3o:<\/strong> 500 m\u00b2.<\/li>\n<\/ul>\n<\/p><\/div><\/div><\/div><div class=\"swiper-slide slide-2\"><div class=\"swiper-slide__img\"><img decoding=\"async\" class=\"slide-img\" src=\"https:\/\/ankarsa.com\/wp-content\/uploads\/bosch-obra-industrial-1-1.jpg\" alt=\"\"><div class=\"swiper-button-prev swiper-button-prev-actividades\"><\/div><div class=\"swiper-button-next swiper-button-next-actividades\"><\/div><\/div><div class=\"swiper-slide__inner\"><div class=\"container-logo container-textos\"><img decoding=\"async\" class=\"logo\" src=\"https:\/\/ankarsa.com\/wp-content\/uploads\/logo-bosh.png\" alt=\"\"><p class=\"ubicacion\">Aranjuez<\/p><p class=\"descripcion\"><p><strong>Bosch Aranjuez \u2013 Execu\u00e7\u00e3o de armaz\u00e9m<\/strong>.<\/p>\n<ul>\n<li><strong>\u00c1rea de interven\u00e7\u00e3o:<\/strong> 23.186,07 m\u00b2.<\/li>\n<\/ul>\n<\/p><\/div><\/div><\/div><div class=\"swiper-slide slide-3\"><div class=\"swiper-slide__img\"><img decoding=\"async\" class=\"slide-img\" src=\"https:\/\/ankarsa.com\/wp-content\/uploads\/bosh-uss6.jpg\" alt=\"\"><div class=\"swiper-button-prev swiper-button-prev-actividades\"><\/div><div class=\"swiper-button-next swiper-button-next-actividades\"><\/div><\/div><div class=\"swiper-slide__inner\"><div class=\"container-logo container-textos\"><img decoding=\"async\" class=\"logo\" src=\"https:\/\/ankarsa.com\/wp-content\/uploads\/logo-bosh.png\" alt=\"\"><p class=\"ubicacion\">Aranjuez<\/p><p class=\"descripcion\"><p><strong>Bosch Aranjuez \u2013 Execu\u00e7\u00e3o de armaz\u00e9m<\/strong>.<\/p>\n<ul>\n<li><strong>\u00c1rea de interven\u00e7\u00e3o:<\/strong> 23.186,07 m\u00b2.<\/li>\n<\/ul>\n<\/p><\/div><\/div><\/div><div class=\"swiper-slide slide-4\"><div class=\"swiper-slide__img\"><img decoding=\"async\" class=\"slide-img\" src=\"https:\/\/ankarsa.com\/wp-content\/uploads\/prosol-obra-industrial.jpg\" alt=\"\"><div class=\"swiper-button-prev swiper-button-prev-actividades\"><\/div><div class=\"swiper-button-next swiper-button-next-actividades\"><\/div><\/div><div class=\"swiper-slide__inner\"><div class=\"container-logo container-textos\"><img decoding=\"async\" class=\"logo\" src=\"https:\/\/ankarsa.com\/wp-content\/uploads\/logo-prosol-1.png\" alt=\"\"><p class=\"ubicacion\">Pal\u00eancia<\/p><p class=\"descripcion\"><p><strong>Constru\u00e7\u00e3o de edif\u00edcio de escrit\u00f3rios<\/strong>, Venta de Ba\u00f1os, Pal\u00eancia.<\/p>\n<ul>\n<li><strong>\u00c1rea de interven\u00e7\u00e3o:<\/strong> 1.200 m\u00b2.<\/li>\n<\/ul>\n<\/p><\/div><\/div><\/div><div class=\"swiper-slide slide-5\"><div class=\"swiper-slide__img\"><img decoding=\"async\" class=\"slide-img\" src=\"https:\/\/ankarsa.com\/wp-content\/uploads\/gate-gourmet-obra-industrial-1.jpg\" alt=\"\"><div class=\"swiper-button-prev swiper-button-prev-actividades\"><\/div><div class=\"swiper-button-next swiper-button-next-actividades\"><\/div><\/div><div class=\"swiper-slide__inner\"><div class=\"container-logo container-textos\"><img decoding=\"async\" class=\"logo\" src=\"https:\/\/ankarsa.com\/wp-content\/uploads\/gate-gourmet-logo.png\" alt=\"\"><p class=\"descripcion\"><p><strong>Gate Gourmet \u2013 Adapta\u00e7\u00e3o interior de armaz\u00e9m industrial<\/strong>.<\/p>\n<ul>\n<li><strong>\u00c1rea de interven\u00e7\u00e3o:<\/strong> 8.325 m\u00b2.<\/li>\n<\/ul>\n<\/p><\/div><\/div><\/div><div class=\"swiper-slide slide-6\"><div class=\"swiper-slide__img\"><img decoding=\"async\" class=\"slide-img\" src=\"https:\/\/ankarsa.com\/wp-content\/uploads\/gate-gourmet.jpg\" alt=\"\"><div class=\"swiper-button-prev swiper-button-prev-actividades\"><\/div><div class=\"swiper-button-next swiper-button-next-actividades\"><\/div><\/div><div class=\"swiper-slide__inner\"><div class=\"container-logo container-textos\"><img decoding=\"async\" class=\"logo\" src=\"https:\/\/ankarsa.com\/wp-content\/uploads\/gate-gourmet-logo.png\" alt=\"\"><p class=\"descripcion\"><p><strong>Gate Gourmet \u2013 Adapta\u00e7\u00e3o interior de armaz\u00e9m industrial<\/strong>.<\/p>\n<ul>\n<li><strong>\u00c1rea de interven\u00e7\u00e3o:<\/strong> 8.325 m\u00b2.<\/li>\n<\/ul>\n<\/p><\/div><\/div><\/div><div class=\"swiper-slide slide-7\"><div class=\"swiper-slide__img\"><img decoding=\"async\" class=\"slide-img\" src=\"https:\/\/ankarsa.com\/wp-content\/uploads\/eads-obra-industrial-1.jpg\" alt=\"\"><div class=\"swiper-button-prev swiper-button-prev-actividades\"><\/div><div class=\"swiper-button-next swiper-button-next-actividades\"><\/div><\/div><div class=\"swiper-slide__inner\"><div class=\"container-logo container-textos\"><img decoding=\"async\" class=\"logo\" src=\"https:\/\/ankarsa.com\/wp-content\/uploads\/logo-eads-1.png\" alt=\"\"><p class=\"descripcion\"><p><strong>Constru\u00e7\u00e3o de instala\u00e7\u00f5es industriais:<\/strong><\/p>\n<ul>\n<li><strong>Armaz\u00e9m e edif\u00edcio de escrit\u00f3rios para o Centro de Integra\u00e7\u00e3o do avi\u00e3o Ca\u00e7a Europeu<\/strong>, Getafe, Madrid.<\/li>\n<\/ul>\n<ul>\n<li style=\"list-style-type: none;\">\n<ul>\n<li><strong>\u00c1rea de interven\u00e7\u00e3o:<\/strong> 2.500 m\u00b2.<\/li>\n<\/ul>\n<\/li>\n<\/ul>\n<ul>\n<li><strong>Armaz\u00e9m e edif\u00edcio de escrit\u00f3rios para centro de ferramentaria<\/strong>, Getafe, Madrid.<\/li>\n<\/ul>\n<ul>\n<li style=\"list-style-type: none;\">\n<ul>\n<li><strong>\u00c1rea de interven\u00e7\u00e3o:<\/strong> 5.000 m\u00b2.<\/li>\n<\/ul>\n<\/li>\n<\/ul>\n<ul>\n<li><strong>Edif\u00edcio para abastecimento de avi\u00f5es de ca\u00e7a<\/strong>, Getafe, Madrid.<\/li>\n<li><strong>Edif\u00edcio para o Centro de Rece\u00e7\u00e3o de Visitas<\/strong>, Getafe, Madrid.<\/li>\n<li><strong>Dep\u00f3sitos, estrutura e rack de tubagens para circuito de refrigera\u00e7\u00e3o industrial do autoclave de tratamento de fibra de carbono<\/strong>, Illescas, Toledo.<\/li>\n<li><strong>Funda\u00e7\u00f5es especiais para m\u00e1quinas de corte das asas do Airbus<\/strong>, Illescas (Toledo) e Getafe (Madrid).<\/li>\n<li><strong>Diversas obras de adapta\u00e7\u00e3o de edif\u00edcios e armaz\u00e9ns<\/strong>, Getafe (Madrid), Avda. de Arag\u00f3n (Madrid) e Illescas (Toledo).<\/li>\n<\/ul>\n<\/p><\/div><\/div><\/div><div class=\"swiper-slide slide-8\"><div class=\"swiper-slide__img\"><img decoding=\"async\" class=\"slide-img\" src=\"https:\/\/ankarsa.com\/wp-content\/uploads\/diore-obra-industrial-1.jpg\" alt=\"\"><div class=\"swiper-button-prev swiper-button-prev-actividades\"><\/div><div class=\"swiper-button-next swiper-button-next-actividades\"><\/div><\/div><div class=\"swiper-slide__inner\"><div class=\"container-logo container-textos\"><img decoding=\"async\" class=\"logo\" src=\"https:\/\/ankarsa.com\/wp-content\/uploads\/logo-ankarsa-actividad.png\" alt=\"\"><p class=\"ubicacion\">Boadilla del Monte, Madrid<\/p><p class=\"descripcion\"><p><strong>Constru\u00e7\u00e3o de novos armaz\u00e9ns industriais:<\/strong><\/p>\n<ul>\n<li><strong>Constru\u00e7\u00e3o de armaz\u00e9m industrial<\/strong>, Boadilla del Monte, Madrid.<\/li>\n<\/ul>\n<ul>\n<li style=\"list-style-type: none;\">\n<ul>\n<li><strong>\u00c1rea de interven\u00e7\u00e3o:<\/strong> 800 m\u00b2.<\/li>\n<\/ul>\n<\/li>\n<\/ul>\n<\/p><\/div><\/div><\/div><div class=\"swiper-slide slide-9\"><div class=\"swiper-slide__img\"><img decoding=\"async\" class=\"slide-img\" src=\"https:\/\/ankarsa.com\/wp-content\/uploads\/eral.jpg\" alt=\"\"><div class=\"swiper-button-prev swiper-button-prev-actividades\"><\/div><div class=\"swiper-button-next swiper-button-next-actividades\"><\/div><\/div><div class=\"swiper-slide__inner\"><div class=\"container-logo container-textos\"><img decoding=\"async\" class=\"logo\" src=\"https:\/\/ankarsa.com\/wp-content\/uploads\/logo-eral-1.png\" alt=\"\"><p class=\"ubicacion\">San Mart\u00edn de la Vega, Madrid.<\/p><p class=\"descripcion\"><p><strong>Constru\u00e7\u00e3o de armaz\u00e9m industrial e edif\u00edcio anexo de escrit\u00f3rios, acessos e urbaniza\u00e7\u00e3o<\/strong>, San Mart\u00edn de la Vega, Madrid.<\/p>\n<ul>\n<li><strong>\u00c1rea de interven\u00e7\u00e3o:<\/strong> 1.200 m\u00b2.<\/li>\n<\/ul>\n<\/p><\/div><\/div><\/div><div class=\"swiper-slide slide-10\"><div class=\"swiper-slide__img\"><img decoding=\"async\" class=\"slide-img\" src=\"https:\/\/ankarsa.com\/wp-content\/uploads\/eral-obra-industrial-2.jpg\" alt=\"\"><div class=\"swiper-button-prev swiper-button-prev-actividades\"><\/div><div class=\"swiper-button-next swiper-button-next-actividades\"><\/div><\/div><div class=\"swiper-slide__inner\"><div class=\"container-logo container-textos\"><img decoding=\"async\" class=\"logo\" src=\"https:\/\/ankarsa.com\/wp-content\/uploads\/logo-eral-1.png\" alt=\"\"><p class=\"ubicacion\">San Mart\u00edn de la Vega, Madrid.<\/p><p class=\"descripcion\"><p><strong>Constru\u00e7\u00e3o de armaz\u00e9m industrial e edif\u00edcio anexo de escrit\u00f3rios, acessos e urbaniza\u00e7\u00e3o<\/strong>, San Mart\u00edn de la Vega, Madrid.<\/p>\n<ul>\n<li><strong>\u00c1rea de interven\u00e7\u00e3o:<\/strong> 1.200 m\u00b2.<\/li>\n<\/ul>\n<\/p><\/div><\/div><\/div><\/div><\/div><\/div><\/div>\n\t\t\t\t\t\t<\/div>\n\t\t\t\t<\/div>\n\t\t\t\t\t<\/div>\n\t\t<\/div>\n\t\t\t\t\t<\/div>\n\t\t<\/section>\n\t\t\t\t<section class=\"elementor-section elementor-inner-section elementor-element elementor-element-a953ccb w-oficinas elementor-section-boxed elementor-section-height-default elementor-section-height-default\" data-id=\"a953ccb\" data-element_type=\"section\">\n\t\t\t\t\t\t<div class=\"elementor-container elementor-column-gap-default\">\n\t\t\t\t\t<div class=\"elementor-column elementor-col-16 elementor-inner-column elementor-element elementor-element-f9d78f0\" data-id=\"f9d78f0\" data-element_type=\"column\">\n\t\t\t<div class=\"elementor-widget-wrap elementor-element-populated\">\n\t\t\t\t\t\t<div class=\"elementor-element elementor-element-35a0acb elementor-position-top elementor-widget elementor-widget-image-box\" data-id=\"35a0acb\" data-element_type=\"widget\" data-widget_type=\"image-box.default\">\n\t\t\t\t<div class=\"elementor-widget-container\">\n\t\t\t\t\t<div class=\"elementor-image-box-wrapper\"><figure class=\"elementor-image-box-img\"><img decoding=\"async\" width=\"202\" height=\"67\" src=\"https:\/\/ankarsa.com\/wp-content\/uploads\/logo-bosh.png\" class=\"attachment-full size-full wp-image-924\" alt=\"\" \/><\/figure><\/div>\t\t\t\t<\/div>\n\t\t\t\t<\/div>\n\t\t\t\t\t<\/div>\n\t\t<\/div>\n\t\t\t\t<div class=\"elementor-column elementor-col-16 elementor-inner-column elementor-element elementor-element-bec2373\" data-id=\"bec2373\" data-element_type=\"column\">\n\t\t\t<div class=\"elementor-widget-wrap elementor-element-populated\">\n\t\t\t\t\t\t<div class=\"elementor-element elementor-element-5e46e47 elementor-position-top elementor-widget elementor-widget-image-box\" data-id=\"5e46e47\" data-element_type=\"widget\" data-widget_type=\"image-box.default\">\n\t\t\t\t<div class=\"elementor-widget-container\">\n\t\t\t\t\t<div class=\"elementor-image-box-wrapper\"><figure class=\"elementor-image-box-img\"><img loading=\"lazy\" decoding=\"async\" width=\"202\" height=\"67\" src=\"https:\/\/ankarsa.com\/wp-content\/uploads\/prosol-logo.png\" class=\"attachment-full size-full wp-image-1173\" alt=\"\" \/><\/figure><\/div>\t\t\t\t<\/div>\n\t\t\t\t<\/div>\n\t\t\t\t\t<\/div>\n\t\t<\/div>\n\t\t\t\t<div class=\"elementor-column elementor-col-16 elementor-inner-column elementor-element elementor-element-f948edd\" data-id=\"f948edd\" data-element_type=\"column\">\n\t\t\t<div class=\"elementor-widget-wrap elementor-element-populated\">\n\t\t\t\t\t\t<div class=\"elementor-element elementor-element-7979583 elementor-widget elementor-widget-image\" data-id=\"7979583\" data-element_type=\"widget\" data-widget_type=\"image.default\">\n\t\t\t\t<div class=\"elementor-widget-container\">\n\t\t\t\t\t\t\t\t\t\t\t\t\t\t\t<img loading=\"lazy\" decoding=\"async\" width=\"202\" height=\"67\" src=\"https:\/\/ankarsa.com\/wp-content\/uploads\/gate-gourmet-logo-1.png\" class=\"attachment-large size-large wp-image-1553\" alt=\"\" \/>\t\t\t\t\t\t\t\t\t\t\t\t\t\t\t<\/div>\n\t\t\t\t<\/div>\n\t\t\t\t\t<\/div>\n\t\t<\/div>\n\t\t\t\t<div class=\"elementor-column elementor-col-16 elementor-inner-column elementor-element elementor-element-4c33ede\" data-id=\"4c33ede\" data-element_type=\"column\">\n\t\t\t<div class=\"elementor-widget-wrap elementor-element-populated\">\n\t\t\t\t\t\t<div class=\"elementor-element elementor-element-0c153bc elementor-position-top elementor-widget elementor-widget-image-box\" data-id=\"0c153bc\" data-element_type=\"widget\" data-widget_type=\"image-box.default\">\n\t\t\t\t<div class=\"elementor-widget-container\">\n\t\t\t\t\t<div class=\"elementor-image-box-wrapper\"><figure class=\"elementor-image-box-img\"><img loading=\"lazy\" decoding=\"async\" width=\"202\" height=\"67\" src=\"https:\/\/ankarsa.com\/wp-content\/uploads\/logo-eral.png\" class=\"attachment-full size-full wp-image-922\" alt=\"\" \/><\/figure><\/div>\t\t\t\t<\/div>\n\t\t\t\t<\/div>\n\t\t\t\t\t<\/div>\n\t\t<\/div>\n\t\t\t\t<div class=\"elementor-column elementor-col-16 elementor-inner-column elementor-element elementor-element-e5f63ed\" data-id=\"e5f63ed\" data-element_type=\"column\">\n\t\t\t<div class=\"elementor-widget-wrap elementor-element-populated\">\n\t\t\t\t\t\t<div class=\"elementor-element elementor-element-d9691d0 elementor-position-top elementor-widget elementor-widget-image-box\" data-id=\"d9691d0\" data-element_type=\"widget\" data-widget_type=\"image-box.default\">\n\t\t\t\t<div class=\"elementor-widget-container\">\n\t\t\t\t\t<div class=\"elementor-image-box-wrapper\"><figure class=\"elementor-image-box-img\"><img loading=\"lazy\" decoding=\"async\" width=\"202\" height=\"67\" src=\"https:\/\/ankarsa.com\/wp-content\/uploads\/logo-eads.png\" class=\"attachment-full size-full wp-image-923\" alt=\"\" \/><\/figure><\/div>\t\t\t\t<\/div>\n\t\t\t\t<\/div>\n\t\t\t\t\t<\/div>\n\t\t<\/div>\n\t\t\t\t<div class=\"elementor-column elementor-col-16 elementor-inner-column elementor-element elementor-element-8788b0b\" data-id=\"8788b0b\" data-element_type=\"column\">\n\t\t\t<div class=\"elementor-widget-wrap elementor-element-populated\">\n\t\t\t\t\t\t<div class=\"elementor-element elementor-element-fe8a454 elementor-position-top elementor-widget elementor-widget-image-box\" data-id=\"fe8a454\" data-element_type=\"widget\" data-widget_type=\"image-box.default\">\n\t\t\t\t<div class=\"elementor-widget-container\">\n\t\t\t\t\t<div class=\"elementor-image-box-wrapper\"><figure class=\"elementor-image-box-img\"><img loading=\"lazy\" decoding=\"async\" width=\"202\" height=\"67\" src=\"https:\/\/ankarsa.com\/wp-content\/uploads\/nivea-logo.png\" class=\"attachment-full size-full wp-image-1170\" alt=\"\" \/><\/figure><\/div>\t\t\t\t<\/div>\n\t\t\t\t<\/div>\n\t\t\t\t\t<\/div>\n\t\t<\/div>\n\t\t\t\t\t<\/div>\n\t\t<\/section>\n\t\t\t\t\t<\/div>\n\t\t<\/div>\n\t\t\t\t\t<\/div>\n\t\t<\/section>\n\t\t\t\t<\/div>\n\t\t","protected":false},"excerpt":{"rendered":"<p>Obra Industrial Home \/ Atividades \/ Obra Industrial A Ankarsa constr\u00f3i edif\u00edcios industriais projetados e adaptados para o desenvolvimento de atividades produtivas, para empresas nacionais e internacionais l\u00edderes no seu setor. Ver projetos<\/p>\n","protected":false},"author":1,"featured_media":0,"parent":0,"menu_order":0,"comment_status":"closed","ping_status":"closed","template":"","meta":{"_acf_changed":false,"inline_featured_image":false,"footnotes":""},"class_list":["post-3591","page","type-page","status-publish","hentry"],"acf":[],"_links":{"self":[{"href":"https:\/\/ankarsa.com\/pt-pt\/wp-json\/wp\/v2\/pages\/3591","targetHints":{"allow":["GET"]}}],"collection":[{"href":"https:\/\/ankarsa.com\/pt-pt\/wp-json\/wp\/v2\/pages"}],"about":[{"href":"https:\/\/ankarsa.com\/pt-pt\/wp-json\/wp\/v2\/types\/page"}],"author":[{"embeddable":true,"href":"https:\/\/ankarsa.com\/pt-pt\/wp-json\/wp\/v2\/users\/1"}],"replies":[{"embeddable":true,"href":"https:\/\/ankarsa.com\/pt-pt\/wp-json\/wp\/v2\/comments?post=3591"}],"version-history":[{"count":7,"href":"https:\/\/ankarsa.com\/pt-pt\/wp-json\/wp\/v2\/pages\/3591\/revisions"}],"predecessor-version":[{"id":3614,"href":"https:\/\/ankarsa.com\/pt-pt\/wp-json\/wp\/v2\/pages\/3591\/revisions\/3614"}],"wp:attachment":[{"href":"https:\/\/ankarsa.com\/pt-pt\/wp-json\/wp\/v2\/media?parent=3591"}],"curies":[{"name":"wp","href":"https:\/\/api.w.org\/{rel}","templated":true}]}}