{"id":3559,"date":"2023-07-31T11:33:38","date_gmt":"2023-07-31T09:33:38","guid":{"rendered":"https:\/\/ankarsa.com\/internacional\/"},"modified":"2025-06-05T17:50:45","modified_gmt":"2025-06-05T15:50:45","slug":"internacional","status":"publish","type":"page","link":"https:\/\/ankarsa.com\/pt-pt\/internacional\/","title":{"rendered":"Internacional"},"content":{"rendered":"\t\t<div data-elementor-type=\"wp-page\" data-elementor-id=\"3559\" class=\"elementor elementor-3559\">\n\t\t\t\t\t\t<section class=\"elementor-section elementor-top-section elementor-element elementor-element-5b741c2 elementor-section-full_width s-cabecera bg-dark elementor-section-height-default elementor-section-height-default\" data-id=\"5b741c2\" data-element_type=\"section\">\n\t\t\t\t\t\t<div class=\"elementor-container elementor-column-gap-default\">\n\t\t\t\t\t<div class=\"elementor-column elementor-col-100 elementor-top-column elementor-element elementor-element-c2a0894\" data-id=\"c2a0894\" data-element_type=\"column\">\n\t\t\t<div class=\"elementor-widget-wrap elementor-element-populated\">\n\t\t\t\t\t\t<div class=\"elementor-element elementor-element-8cfc802 elementor-widget elementor-widget-image\" data-id=\"8cfc802\" data-element_type=\"widget\" data-widget_type=\"image.default\">\n\t\t\t\t<div class=\"elementor-widget-container\">\n\t\t\t\t\t\t\t\t\t\t\t\t\t\t\t<img fetchpriority=\"high\" decoding=\"async\" width=\"1920\" height=\"340\" src=\"https:\/\/ankarsa.com\/wp-content\/uploads\/home-internacional.jpg\" class=\"attachment-full size-full wp-image-2560\" alt=\"\" srcset=\"https:\/\/ankarsa.com\/wp-content\/uploads\/home-internacional.jpg 1920w, https:\/\/ankarsa.com\/wp-content\/uploads\/home-internacional-300x53.jpg 300w, https:\/\/ankarsa.com\/wp-content\/uploads\/home-internacional-1024x181.jpg 1024w, https:\/\/ankarsa.com\/wp-content\/uploads\/home-internacional-768x136.jpg 768w, https:\/\/ankarsa.com\/wp-content\/uploads\/home-internacional-1536x272.jpg 1536w\" sizes=\"(max-width: 1920px) 100vw, 1920px\" \/>\t\t\t\t\t\t\t\t\t\t\t\t\t\t\t<\/div>\n\t\t\t\t<\/div>\n\t\t\t\t\t<\/div>\n\t\t<\/div>\n\t\t\t\t\t<\/div>\n\t\t<\/section>\n\t\t\t\t<section class=\"elementor-section elementor-top-section elementor-element elementor-element-bb63aad s-main --home pb-60 elementor-section-boxed elementor-section-height-default elementor-section-height-default\" data-id=\"bb63aad\" data-element_type=\"section\">\n\t\t\t\t\t\t<div class=\"elementor-container elementor-column-gap-default\">\n\t\t\t\t\t<div class=\"elementor-column elementor-col-100 elementor-top-column elementor-element elementor-element-218cd38\" data-id=\"218cd38\" data-element_type=\"column\">\n\t\t\t<div class=\"elementor-widget-wrap elementor-element-populated\">\n\t\t\t\t\t\t<div class=\"elementor-element elementor-element-3d0caf4 elementor-widget elementor-widget-heading\" data-id=\"3d0caf4\" data-element_type=\"widget\" data-widget_type=\"heading.default\">\n\t\t\t\t<div class=\"elementor-widget-container\">\n\t\t\t\t\t<h1 class=\"elementor-heading-title elementor-size-default\">Internacional<\/h1>\t\t\t\t<\/div>\n\t\t\t\t<\/div>\n\t\t\t\t<div class=\"elementor-element elementor-element-0526556 c-migas elementor-widget elementor-widget-text-editor\" data-id=\"0526556\" data-element_type=\"widget\" data-widget_type=\"text-editor.default\">\n\t\t\t\t<div class=\"elementor-widget-container\">\n\t\t\t\t\t\t\t\t\t<p>home \/ <strong>Internacional<\/strong><\/p>\t\t\t\t\t\t\t\t<\/div>\n\t\t\t\t<\/div>\n\t\t\t\t<div class=\"elementor-element elementor-element-48fc21f fz-20 elementor-widget elementor-widget-text-editor\" data-id=\"48fc21f\" data-element_type=\"widget\" data-widget_type=\"text-editor.default\">\n\t\t\t\t<div class=\"elementor-widget-container\">\n\t\t\t\t\t\t\t\t\t<p>A Ankarsa desenvolve a sua atividade em Espanha desde 1994 e em Portugal desde 2019, incluindo os arquip\u00e9lagos das Baleares, Can\u00e1rias, A\u00e7ores e Madeira.<\/p><p>A Ankarsa conta com estruturas financeira, t\u00e9cnica e humana independentes em ambos os pa\u00edses.<\/p>\t\t\t\t\t\t\t\t<\/div>\n\t\t\t\t<\/div>\n\t\t\t\t<div class=\"elementor-element elementor-element-6a91d8e elementor-widget elementor-widget-image\" data-id=\"6a91d8e\" data-element_type=\"widget\" data-widget_type=\"image.default\">\n\t\t\t\t<div class=\"elementor-widget-container\">\n\t\t\t\t\t\t\t\t\t\t\t\t\t\t\t<img decoding=\"async\" width=\"1235\" height=\"903\" src=\"https:\/\/ankarsa.com\/wp-content\/uploads\/mapa.png\" class=\"attachment-full size-full wp-image-2576\" alt=\"\" srcset=\"https:\/\/ankarsa.com\/wp-content\/uploads\/mapa.png 1235w, https:\/\/ankarsa.com\/wp-content\/uploads\/mapa-300x219.png 300w, https:\/\/ankarsa.com\/wp-content\/uploads\/mapa-1024x749.png 1024w, https:\/\/ankarsa.com\/wp-content\/uploads\/mapa-768x562.png 768w\" sizes=\"(max-width: 1235px) 100vw, 1235px\" \/>\t\t\t\t\t\t\t\t\t\t\t\t\t\t\t<\/div>\n\t\t\t\t<\/div>\n\t\t\t\t\t<\/div>\n\t\t<\/div>\n\t\t\t\t\t<\/div>\n\t\t<\/section>\n\t\t\t\t<\/div>\n\t\t","protected":false},"excerpt":{"rendered":"<p>Internacional home \/ Internacional A Ankarsa desenvolve a sua atividade em Espanha desde 1994 e em Portugal desde 2019, incluindo os arquip\u00e9lagos das Baleares, Can\u00e1rias, A\u00e7ores e Madeira. A Ankarsa conta com estruturas financeira, t\u00e9cnica e humana independentes em ambos os pa\u00edses.<\/p>\n","protected":false},"author":1,"featured_media":0,"parent":0,"menu_order":0,"comment_status":"closed","ping_status":"closed","template":"","meta":{"_acf_changed":false,"inline_featured_image":false,"footnotes":""},"class_list":["post-3559","page","type-page","status-publish","hentry"],"acf":[],"_links":{"self":[{"href":"https:\/\/ankarsa.com\/pt-pt\/wp-json\/wp\/v2\/pages\/3559","targetHints":{"allow":["GET"]}}],"collection":[{"href":"https:\/\/ankarsa.com\/pt-pt\/wp-json\/wp\/v2\/pages"}],"about":[{"href":"https:\/\/ankarsa.com\/pt-pt\/wp-json\/wp\/v2\/types\/page"}],"author":[{"embeddable":true,"href":"https:\/\/ankarsa.com\/pt-pt\/wp-json\/wp\/v2\/users\/1"}],"replies":[{"embeddable":true,"href":"https:\/\/ankarsa.com\/pt-pt\/wp-json\/wp\/v2\/comments?post=3559"}],"version-history":[{"count":2,"href":"https:\/\/ankarsa.com\/pt-pt\/wp-json\/wp\/v2\/pages\/3559\/revisions"}],"predecessor-version":[{"id":3561,"href":"https:\/\/ankarsa.com\/pt-pt\/wp-json\/wp\/v2\/pages\/3559\/revisions\/3561"}],"wp:attachment":[{"href":"https:\/\/ankarsa.com\/pt-pt\/wp-json\/wp\/v2\/media?parent=3559"}],"curies":[{"name":"wp","href":"https:\/\/api.w.org\/{rel}","templated":true}]}}