{"id":3526,"date":"2023-07-31T11:32:55","date_gmt":"2023-07-31T09:32:55","guid":{"rendered":"https:\/\/ankarsa.com\/recursos-humanos\/"},"modified":"2025-06-10T18:27:00","modified_gmt":"2025-06-10T16:27:00","slug":"recursos-humanos","status":"publish","type":"page","link":"https:\/\/ankarsa.com\/pt-pt\/recursos-humanos\/","title":{"rendered":"Recursos Humanos"},"content":{"rendered":"\t\t<div data-elementor-type=\"wp-page\" data-elementor-id=\"3526\" class=\"elementor elementor-3526\">\n\t\t\t\t\t\t<section class=\"elementor-section elementor-top-section elementor-element elementor-element-727c6a4 elementor-section-full_width s-cabecera bg-dark elementor-section-height-default elementor-section-height-default\" data-id=\"727c6a4\" data-element_type=\"section\">\n\t\t\t\t\t\t<div class=\"elementor-container elementor-column-gap-default\">\n\t\t\t\t\t<div class=\"elementor-column elementor-col-100 elementor-top-column elementor-element elementor-element-2eed1d3\" data-id=\"2eed1d3\" data-element_type=\"column\">\n\t\t\t<div class=\"elementor-widget-wrap elementor-element-populated\">\n\t\t\t\t\t\t<div class=\"elementor-element elementor-element-327874d elementor-widget elementor-widget-image\" data-id=\"327874d\" data-element_type=\"widget\" data-widget_type=\"image.default\">\n\t\t\t\t<div class=\"elementor-widget-container\">\n\t\t\t\t\t\t\t\t\t\t\t\t\t\t\t<img fetchpriority=\"high\" decoding=\"async\" width=\"1920\" height=\"340\" src=\"https:\/\/ankarsa.com\/wp-content\/uploads\/cabecera-recursos-humanos.jpg\" class=\"attachment-full size-full wp-image-263\" alt=\"\" srcset=\"https:\/\/ankarsa.com\/wp-content\/uploads\/cabecera-recursos-humanos.jpg 1920w, https:\/\/ankarsa.com\/wp-content\/uploads\/cabecera-recursos-humanos-300x53.jpg 300w, https:\/\/ankarsa.com\/wp-content\/uploads\/cabecera-recursos-humanos-1024x181.jpg 1024w, https:\/\/ankarsa.com\/wp-content\/uploads\/cabecera-recursos-humanos-768x136.jpg 768w, https:\/\/ankarsa.com\/wp-content\/uploads\/cabecera-recursos-humanos-1536x272.jpg 1536w\" sizes=\"(max-width: 1920px) 100vw, 1920px\" \/>\t\t\t\t\t\t\t\t\t\t\t\t\t\t\t<\/div>\n\t\t\t\t<\/div>\n\t\t\t\t\t<\/div>\n\t\t<\/div>\n\t\t\t\t\t<\/div>\n\t\t<\/section>\n\t\t\t\t<section class=\"elementor-section elementor-top-section elementor-element elementor-element-910c741 s-main --home pb-190 pb-md-100 elementor-section-boxed elementor-section-height-default elementor-section-height-default\" data-id=\"910c741\" data-element_type=\"section\">\n\t\t\t\t\t\t<div class=\"elementor-container elementor-column-gap-default\">\n\t\t\t\t\t<div class=\"elementor-column elementor-col-50 elementor-top-column elementor-element elementor-element-a990219\" data-id=\"a990219\" data-element_type=\"column\">\n\t\t\t<div class=\"elementor-widget-wrap elementor-element-populated\">\n\t\t\t\t\t\t<div class=\"elementor-element elementor-element-cbfdc3e elementor-widget elementor-widget-heading\" data-id=\"cbfdc3e\" data-element_type=\"widget\" data-widget_type=\"heading.default\">\n\t\t\t\t<div class=\"elementor-widget-container\">\n\t\t\t\t\t<h1 class=\"elementor-heading-title elementor-size-default\">Recursos Humanos<\/h1>\t\t\t\t<\/div>\n\t\t\t\t<\/div>\n\t\t\t\t<div class=\"elementor-element elementor-element-dbdc7a2 c-migas elementor-widget elementor-widget-text-editor\" data-id=\"dbdc7a2\" data-element_type=\"widget\" data-widget_type=\"text-editor.default\">\n\t\t\t\t<div class=\"elementor-widget-container\">\n\t\t\t\t\t\t\t\t\tHome \/ A empresa \/ <strong>Recursos Humanos<\/strong>\t\t\t\t\t\t\t\t<\/div>\n\t\t\t\t<\/div>\n\t\t\t\t<div class=\"elementor-element elementor-element-27ce1cf fz-20 elementor-widget elementor-widget-text-editor\" data-id=\"27ce1cf\" data-element_type=\"widget\" data-widget_type=\"text-editor.default\">\n\t\t\t\t<div class=\"elementor-widget-container\">\n\t\t\t\t\t\t\t\t\t<p>Para alcan\u00e7ar o nosso <strong>objetivo de qualidade e excel\u00eancia no servi\u00e7o<\/strong>, dispomos dos meios mec\u00e2nicos e t\u00e9cnicos necess\u00e1rios, bem como de uma equipa altamente qualificada e em constante forma\u00e7\u00e3o, o que nos permite garantir a qualidade dos nossos trabalhos.<\/p>\t\t\t\t\t\t\t\t<\/div>\n\t\t\t\t<\/div>\n\t\t\t\t<div class=\"elementor-element elementor-element-81f79f9 elementor-widget elementor-widget-text-editor\" data-id=\"81f79f9\" data-element_type=\"widget\" data-widget_type=\"text-editor.default\">\n\t\t\t\t<div class=\"elementor-widget-container\">\n\t\t\t\t\t\t\t\t\t<p><strong>Equipa humana<\/strong> <br><strong>altamente qualificada<\/strong><\/p>\t\t\t\t\t\t\t\t<\/div>\n\t\t\t\t<\/div>\n\t\t\t\t\t<\/div>\n\t\t<\/div>\n\t\t\t\t<div class=\"elementor-column elementor-col-50 elementor-top-column elementor-element elementor-element-0f4a56d\" data-id=\"0f4a56d\" data-element_type=\"column\" data-settings=\"{&quot;background_background&quot;:&quot;classic&quot;}\">\n\t\t\t<div class=\"elementor-widget-wrap elementor-element-populated\">\n\t\t\t\t\t\t<div class=\"elementor-element elementor-element-648879d elementor-widget__width-initial elementor-widget elementor-widget-image\" data-id=\"648879d\" data-element_type=\"widget\" data-widget_type=\"image.default\">\n\t\t\t\t<div class=\"elementor-widget-container\">\n\t\t\t\t\t\t\t\t\t\t\t\t\t\t\t<img decoding=\"async\" width=\"374\" height=\"362\" src=\"https:\/\/ankarsa.com\/wp-content\/uploads\/rrhh-e1717150725136.jpg\" class=\"attachment-full size-full wp-image-1753\" alt=\"\" srcset=\"https:\/\/ankarsa.com\/wp-content\/uploads\/rrhh-e1717150725136.jpg 374w, https:\/\/ankarsa.com\/wp-content\/uploads\/rrhh-e1717150725136-300x290.jpg 300w\" sizes=\"(max-width: 374px) 100vw, 374px\" \/>\t\t\t\t\t\t\t\t\t\t\t\t\t\t\t<\/div>\n\t\t\t\t<\/div>\n\t\t\t\t\t<\/div>\n\t\t<\/div>\n\t\t\t\t\t<\/div>\n\t\t<\/section>\n\t\t\t\t<section class=\"elementor-section elementor-top-section elementor-element elementor-element-9a34747 bg-medium pico-top pb-100 pb-md-60 elementor-section-boxed elementor-section-height-default elementor-section-height-default\" data-id=\"9a34747\" data-element_type=\"section\">\n\t\t\t\t\t\t<div class=\"elementor-container elementor-column-gap-default\">\n\t\t\t\t\t<div class=\"elementor-column elementor-col-50 elementor-top-column elementor-element elementor-element-fece998\" data-id=\"fece998\" data-element_type=\"column\">\n\t\t\t<div class=\"elementor-widget-wrap elementor-element-populated\">\n\t\t\t\t\t\t<div class=\"elementor-element elementor-element-0c1946f elementor-widget elementor-widget-text-editor\" data-id=\"0c1946f\" data-element_type=\"widget\" data-widget_type=\"text-editor.default\">\n\t\t\t\t<div class=\"elementor-widget-container\">\n\t\t\t\t\t\t\t\t\t<p><strong>Trabalha connosco<\/strong><\/p>\t\t\t\t\t\t\t\t<\/div>\n\t\t\t\t<\/div>\n\t\t\t\t<div class=\"elementor-element elementor-element-3fd37cd fz-20 elementor-widget elementor-widget-text-editor\" data-id=\"3fd37cd\" data-element_type=\"widget\" data-widget_type=\"text-editor.default\">\n\t\t\t\t<div class=\"elementor-widget-container\">\n\t\t\t\t\t\t\t\t\t<p>Queres fazer parte de uma empresa em expans\u00e3o e l\u00edder no setor? A Ankarsa procura profissionais como tu, pessoas com grande capacidade para trabalhar em equipa e comprometidas com o nosso projeto. Se estiveres interessado, podes enviar-nos o teu Curriculum Vitae atrav\u00e9s do nosso e-mail, e em breve entraremos em contacto contigo.<\/p>\t\t\t\t\t\t\t\t<\/div>\n\t\t\t\t<\/div>\n\t\t\t\t<div class=\"elementor-element elementor-element-d8047cb --dark elementor-widget elementor-widget-button\" data-id=\"d8047cb\" data-element_type=\"widget\" data-widget_type=\"button.default\">\n\t\t\t\t<div class=\"elementor-widget-container\">\n\t\t\t\t\t\t\t\t\t<div class=\"elementor-button-wrapper\">\n\t\t\t\t\t<a class=\"elementor-button elementor-button-link elementor-size-sm\" href=\"https:\/\/ankarsa.com\/pt-pt\/contacto\/\">\n\t\t\t\t\t\t<span class=\"elementor-button-content-wrapper\">\n\t\t\t\t\t\t\t\t\t<span class=\"elementor-button-text\">Envia o teu curriculo<\/span>\n\t\t\t\t\t<\/span>\n\t\t\t\t\t<\/a>\n\t\t\t\t<\/div>\n\t\t\t\t\t\t\t\t<\/div>\n\t\t\t\t<\/div>\n\t\t\t\t\t<\/div>\n\t\t<\/div>\n\t\t\t\t<div class=\"elementor-column elementor-col-50 elementor-top-column elementor-element elementor-element-b2bbd8f\" data-id=\"b2bbd8f\" data-element_type=\"column\">\n\t\t\t<div class=\"elementor-widget-wrap elementor-element-populated\">\n\t\t\t\t\t\t<div class=\"elementor-element elementor-element-90b3408 elementor-widget elementor-widget-image\" data-id=\"90b3408\" data-element_type=\"widget\" data-widget_type=\"image.default\">\n\t\t\t\t<div class=\"elementor-widget-container\">\n\t\t\t\t\t\t\t\t\t\t\t\t\t\t\t<img decoding=\"async\" width=\"100\" height=\"141\" src=\"https:\/\/ankarsa.com\/wp-content\/uploads\/img-rrhh.png\" class=\"attachment-large size-large wp-image-1772\" alt=\"\" \/>\t\t\t\t\t\t\t\t\t\t\t\t\t\t\t<\/div>\n\t\t\t\t<\/div>\n\t\t\t\t\t<\/div>\n\t\t<\/div>\n\t\t\t\t\t<\/div>\n\t\t<\/section>\n\t\t\t\t<\/div>\n\t\t","protected":false},"excerpt":{"rendered":"<p>Recursos Humanos Home \/ A empresa \/ Recursos Humanos Para alcan\u00e7ar o nosso objetivo de qualidade e excel\u00eancia no servi\u00e7o, dispomos dos meios mec\u00e2nicos e t\u00e9cnicos necess\u00e1rios, bem como de uma equipa altamente qualificada e em constante forma\u00e7\u00e3o, o que nos permite garantir a qualidade dos nossos trabalhos. Equipa humana altamente qualificada Trabalha connosco Queres [&hellip;]<\/p>\n","protected":false},"author":1,"featured_media":0,"parent":0,"menu_order":0,"comment_status":"closed","ping_status":"closed","template":"","meta":{"_acf_changed":false,"inline_featured_image":false,"footnotes":""},"class_list":["post-3526","page","type-page","status-publish","hentry"],"acf":[],"_links":{"self":[{"href":"https:\/\/ankarsa.com\/pt-pt\/wp-json\/wp\/v2\/pages\/3526","targetHints":{"allow":["GET"]}}],"collection":[{"href":"https:\/\/ankarsa.com\/pt-pt\/wp-json\/wp\/v2\/pages"}],"about":[{"href":"https:\/\/ankarsa.com\/pt-pt\/wp-json\/wp\/v2\/types\/page"}],"author":[{"embeddable":true,"href":"https:\/\/ankarsa.com\/pt-pt\/wp-json\/wp\/v2\/users\/1"}],"replies":[{"embeddable":true,"href":"https:\/\/ankarsa.com\/pt-pt\/wp-json\/wp\/v2\/comments?post=3526"}],"version-history":[{"count":5,"href":"https:\/\/ankarsa.com\/pt-pt\/wp-json\/wp\/v2\/pages\/3526\/revisions"}],"predecessor-version":[{"id":3627,"href":"https:\/\/ankarsa.com\/pt-pt\/wp-json\/wp\/v2\/pages\/3526\/revisions\/3627"}],"wp:attachment":[{"href":"https:\/\/ankarsa.com\/pt-pt\/wp-json\/wp\/v2\/media?parent=3526"}],"curies":[{"name":"wp","href":"https:\/\/api.w.org\/{rel}","templated":true}]}}