{"id":3523,"date":"2023-07-31T11:32:36","date_gmt":"2023-07-31T09:32:36","guid":{"rendered":"https:\/\/ankarsa.com\/quienes-somos\/"},"modified":"2025-06-04T13:42:54","modified_gmt":"2025-06-04T11:42:54","slug":"quem-somos","status":"publish","type":"page","link":"https:\/\/ankarsa.com\/pt-pt\/quem-somos\/","title":{"rendered":"Quem somos?"},"content":{"rendered":"\t\t<div data-elementor-type=\"wp-page\" data-elementor-id=\"3523\" class=\"elementor elementor-3523\">\n\t\t\t\t\t\t<section class=\"elementor-section elementor-top-section elementor-element elementor-element-7b54b05 elementor-section-full_width s-cabecera bg-dark elementor-section-height-default elementor-section-height-default\" data-id=\"7b54b05\" data-element_type=\"section\">\n\t\t\t\t\t\t<div class=\"elementor-container elementor-column-gap-default\">\n\t\t\t\t\t<div class=\"elementor-column elementor-col-100 elementor-top-column elementor-element elementor-element-8dfc947\" data-id=\"8dfc947\" data-element_type=\"column\">\n\t\t\t<div class=\"elementor-widget-wrap elementor-element-populated\">\n\t\t\t\t\t\t<div class=\"elementor-element elementor-element-47776fb elementor-widget elementor-widget-image\" data-id=\"47776fb\" data-element_type=\"widget\" data-widget_type=\"image.default\">\n\t\t\t\t<div class=\"elementor-widget-container\">\n\t\t\t\t\t\t\t\t\t\t\t\t\t\t\t<img fetchpriority=\"high\" decoding=\"async\" width=\"1921\" height=\"340\" src=\"https:\/\/ankarsa.com\/wp-content\/uploads\/cabecera-sobre-nosotros-1.jpg\" class=\"attachment-full size-full wp-image-1680\" alt=\"\" srcset=\"https:\/\/ankarsa.com\/wp-content\/uploads\/cabecera-sobre-nosotros-1.jpg 1921w, https:\/\/ankarsa.com\/wp-content\/uploads\/cabecera-sobre-nosotros-1-300x53.jpg 300w, https:\/\/ankarsa.com\/wp-content\/uploads\/cabecera-sobre-nosotros-1-1024x181.jpg 1024w, https:\/\/ankarsa.com\/wp-content\/uploads\/cabecera-sobre-nosotros-1-768x136.jpg 768w, https:\/\/ankarsa.com\/wp-content\/uploads\/cabecera-sobre-nosotros-1-1536x272.jpg 1536w\" sizes=\"(max-width: 1921px) 100vw, 1921px\" \/>\t\t\t\t\t\t\t\t\t\t\t\t\t\t\t<\/div>\n\t\t\t\t<\/div>\n\t\t\t\t\t<\/div>\n\t\t<\/div>\n\t\t\t\t\t<\/div>\n\t\t<\/section>\n\t\t\t\t<section class=\"elementor-section elementor-top-section elementor-element elementor-element-7783d34 s-main pb-150 pb-md-80 elementor-section-boxed elementor-section-height-default elementor-section-height-default\" data-id=\"7783d34\" data-element_type=\"section\">\n\t\t\t\t\t\t<div class=\"elementor-container elementor-column-gap-default\">\n\t\t\t\t\t<div class=\"elementor-column elementor-col-100 elementor-top-column elementor-element elementor-element-f4f4ce8\" data-id=\"f4f4ce8\" data-element_type=\"column\">\n\t\t\t<div class=\"elementor-widget-wrap elementor-element-populated\">\n\t\t\t\t\t\t<div class=\"elementor-element elementor-element-6fcf7fd elementor-widget elementor-widget-heading\" data-id=\"6fcf7fd\" data-element_type=\"widget\" data-widget_type=\"heading.default\">\n\t\t\t\t<div class=\"elementor-widget-container\">\n\t\t\t\t\t<h1 class=\"elementor-heading-title elementor-size-default\">Quem somos?<\/h1>\t\t\t\t<\/div>\n\t\t\t\t<\/div>\n\t\t\t\t<div class=\"elementor-element elementor-element-86e90a4 c-migas elementor-widget elementor-widget-text-editor\" data-id=\"86e90a4\" data-element_type=\"widget\" data-widget_type=\"text-editor.default\">\n\t\t\t\t<div class=\"elementor-widget-container\">\n\t\t\t\t\t\t\t\t\tHome \/ A empresa \/ <strong>Quem somos<\/strong>\t\t\t\t\t\t\t\t<\/div>\n\t\t\t\t<\/div>\n\t\t\t\t<section class=\"elementor-section elementor-inner-section elementor-element elementor-element-eb7925b elementor-section-boxed elementor-section-height-default elementor-section-height-default\" data-id=\"eb7925b\" data-element_type=\"section\">\n\t\t\t\t\t\t<div class=\"elementor-container elementor-column-gap-default\">\n\t\t\t\t\t<div class=\"elementor-column elementor-col-50 elementor-inner-column elementor-element elementor-element-79e7d8f\" data-id=\"79e7d8f\" data-element_type=\"column\">\n\t\t\t<div class=\"elementor-widget-wrap elementor-element-populated\">\n\t\t\t\t\t\t<div class=\"elementor-element elementor-element-9548d00 fz-20 elementor-widget elementor-widget-text-editor\" data-id=\"9548d00\" data-element_type=\"widget\" data-widget_type=\"text-editor.default\">\n\t\t\t\t<div class=\"elementor-widget-container\">\n\t\t\t\t\t\t\t\t\t<p>A <strong>Ankarsa <\/strong>\u00e9 uma empresa s\u00f3lida e experiente, que desenvolve a sua atividade em Espanha desde 1994 e em Portugal desde 2019.&nbsp;<\/p><p>A Ankarsa caracteriza-se pela <strong>solidez financeira, pela inova\u00e7\u00e3o, pela competitividade<\/strong> e pela participa\u00e7\u00e3o na execu\u00e7\u00e3o de projetos singulares de alta qualidade e com as mais recentes tecnologias, sendo especialista em <strong>efici\u00eancia energ\u00e9tica<\/strong>.<br>A estrutura organizacional da Ankarsa baseia-se numa equipa humana com longa experi\u00eancia no setor e em constante forma\u00e7\u00e3o.<\/p>\t\t\t\t\t\t\t\t<\/div>\n\t\t\t\t<\/div>\n\t\t\t\t\t<\/div>\n\t\t<\/div>\n\t\t\t\t<div class=\"elementor-column elementor-col-50 elementor-inner-column elementor-element elementor-element-17413cf\" data-id=\"17413cf\" data-element_type=\"column\">\n\t\t\t<div class=\"elementor-widget-wrap elementor-element-populated\">\n\t\t\t\t\t\t<div class=\"elementor-element elementor-element-e62ee80 elementor-widget elementor-widget-image\" data-id=\"e62ee80\" data-element_type=\"widget\" data-widget_type=\"image.default\">\n\t\t\t\t<div class=\"elementor-widget-container\">\n\t\t\t\t\t\t\t\t\t\t\t\t\t\t\t<img decoding=\"async\" width=\"580\" height=\"410\" src=\"https:\/\/ankarsa.com\/wp-content\/uploads\/quienes-somos-4.jpg\" class=\"attachment-large size-large wp-image-2481\" alt=\"\" srcset=\"https:\/\/ankarsa.com\/wp-content\/uploads\/quienes-somos-4.jpg 580w, https:\/\/ankarsa.com\/wp-content\/uploads\/quienes-somos-4-300x212.jpg 300w\" sizes=\"(max-width: 580px) 100vw, 580px\" \/>\t\t\t\t\t\t\t\t\t\t\t\t\t\t\t<\/div>\n\t\t\t\t<\/div>\n\t\t\t\t\t<\/div>\n\t\t<\/div>\n\t\t\t\t\t<\/div>\n\t\t<\/section>\n\t\t\t\t<div class=\"elementor-element elementor-element-5a6fe0a c-listado-arrows fz-20 mt-50 elementor-widget elementor-widget-text-editor\" data-id=\"5a6fe0a\" data-element_type=\"widget\" data-widget_type=\"text-editor.default\">\n\t\t\t\t<div class=\"elementor-widget-container\">\n\t\t\t\t\t\t\t\t\t<ul><li>Qualidade<\/li><li>Compromisso com o cliente<\/li><li>Competitividade<\/li><li>Inova\u00e7\u00e3o<\/li><li>Preven\u00e7\u00e3o de Riscos Laborais Cuidando<\/li><li>Gest\u00e3o ambiental<\/li><\/ul>\t\t\t\t\t\t\t\t<\/div>\n\t\t\t\t<\/div>\n\t\t\t\t\t<\/div>\n\t\t<\/div>\n\t\t\t\t\t<\/div>\n\t\t<\/section>\n\t\t\t\t<section class=\"elementor-section elementor-top-section elementor-element elementor-element-dd8192f bg-medium pico-top pico-bot mb-165 mb-md-80 elementor-section-boxed elementor-section-height-default elementor-section-height-default\" data-id=\"dd8192f\" data-element_type=\"section\">\n\t\t\t\t\t\t<div class=\"elementor-container elementor-column-gap-default\">\n\t\t\t\t\t<div class=\"elementor-column elementor-col-100 elementor-top-column elementor-element elementor-element-b8e5c71\" data-id=\"b8e5c71\" data-element_type=\"column\">\n\t\t\t<div class=\"elementor-widget-wrap elementor-element-populated\">\n\t\t\t\t\t\t<section class=\"elementor-section elementor-inner-section elementor-element elementor-element-b602b17 elementor-section-boxed elementor-section-height-default elementor-section-height-default\" data-id=\"b602b17\" data-element_type=\"section\">\n\t\t\t\t\t\t<div class=\"elementor-container elementor-column-gap-default\">\n\t\t\t\t\t<div class=\"elementor-column elementor-col-33 elementor-inner-column elementor-element elementor-element-2474024\" data-id=\"2474024\" data-element_type=\"column\">\n\t\t\t<div class=\"elementor-widget-wrap elementor-element-populated\">\n\t\t\t\t\t\t<div class=\"elementor-element elementor-element-5f0285d elementor-widget elementor-widget-image\" data-id=\"5f0285d\" data-element_type=\"widget\" data-widget_type=\"image.default\">\n\t\t\t\t<div class=\"elementor-widget-container\">\n\t\t\t\t\t\t\t\t\t\t\t\t\t\t\t<img decoding=\"async\" width=\"380\" height=\"280\" src=\"https:\/\/ankarsa.com\/wp-content\/uploads\/2023\/08\/quienes-somos-2.jpg\" class=\"attachment-large size-large wp-image-237\" alt=\"\" srcset=\"https:\/\/ankarsa.com\/wp-content\/uploads\/2023\/08\/quienes-somos-2.jpg 380w, https:\/\/ankarsa.com\/wp-content\/uploads\/2023\/08\/quienes-somos-2-300x221.jpg 300w\" sizes=\"(max-width: 380px) 100vw, 380px\" \/>\t\t\t\t\t\t\t\t\t\t\t\t\t\t\t<\/div>\n\t\t\t\t<\/div>\n\t\t\t\t\t<\/div>\n\t\t<\/div>\n\t\t\t\t<div class=\"elementor-column elementor-col-66 elementor-inner-column elementor-element elementor-element-eb2aa00\" data-id=\"eb2aa00\" data-element_type=\"column\">\n\t\t\t<div class=\"elementor-widget-wrap elementor-element-populated\">\n\t\t\t\t\t\t<div class=\"elementor-element elementor-element-5d7a1da fz-20 elementor-widget elementor-widget-text-editor\" data-id=\"5d7a1da\" data-element_type=\"widget\" data-widget_type=\"text-editor.default\">\n\t\t\t\t<div class=\"elementor-widget-container\">\n\t\t\t\t\t\t\t\t\t<p>A especializa\u00e7\u00e3o e a capacidade de adapta\u00e7\u00e3o \u00e0s necessidades do cliente fazem com que a Ankarsa tenha fidelizado uma carteira de clientes l\u00edderes no mercado nacional e internacional.<br>Desde a sua cria\u00e7\u00e3o, a Ankarsa consolidou o seu prest\u00edgio com base na <strong>qualidade, no cumprimento dos prazos de execu\u00e7\u00e3o, no compromisso com o cliente, na inova\u00e7\u00e3o e no cuidado com o meio ambiente<\/strong>. <\/p><p>A estrutura humana da Ankarsa, experiente e din\u00e2mica, permite-lhe construir obras como centros comerciais, parques log\u00edsticos, edif\u00edcios industriais, edif\u00edcios administrativos, centros educativos, resid\u00eancias, hot\u00e9is, centros desportivos, habita\u00e7\u00f5es livres, habita\u00e7\u00f5es sociais, urbaniza\u00e7\u00f5es, obras hidr\u00e1ulicas, bem como realizar obras de reabilita\u00e7\u00e3o e manuten\u00e7\u00e3o de instala\u00e7\u00f5es.<\/p>\t\t\t\t\t\t\t\t<\/div>\n\t\t\t\t<\/div>\n\t\t\t\t\t<\/div>\n\t\t<\/div>\n\t\t\t\t\t<\/div>\n\t\t<\/section>\n\t\t\t\t<section class=\"elementor-section elementor-inner-section elementor-element elementor-element-0f7bb7f elementor-section-boxed elementor-section-height-default elementor-section-height-default\" data-id=\"0f7bb7f\" data-element_type=\"section\">\n\t\t\t\t\t\t<div class=\"elementor-container elementor-column-gap-default\">\n\t\t\t\t\t<div class=\"elementor-column elementor-col-50 elementor-inner-column elementor-element elementor-element-bd4df9f\" data-id=\"bd4df9f\" data-element_type=\"column\">\n\t\t\t<div class=\"elementor-widget-wrap elementor-element-populated\">\n\t\t\t\t\t\t<div class=\"elementor-element elementor-element-7bcb77b fz-20 elementor-widget elementor-widget-text-editor\" data-id=\"7bcb77b\" data-element_type=\"widget\" data-widget_type=\"text-editor.default\">\n\t\t\t\t<div class=\"elementor-widget-container\">\n\t\t\t\t\t\t\t\t\t<p>A vasta trajet\u00f3ria no setor e a equipa t\u00e9cnica que integra a empresa permitem-nos oferecer <strong>aconselhamento t\u00e9cnico ao cliente<\/strong> e a capacidade de realizar <strong>projetos de engenharia e constru\u00e7\u00e3o \u201cchave na m\u00e3o\u201d<\/strong>, diferenciando-nos dos nossos concorrentes e oferecendo a cada cliente solu\u00e7\u00f5es feitas \u00e0 sua medida.<\/p>\t\t\t\t\t\t\t\t<\/div>\n\t\t\t\t<\/div>\n\t\t\t\t\t<\/div>\n\t\t<\/div>\n\t\t\t\t<div class=\"elementor-column elementor-col-50 elementor-inner-column elementor-element elementor-element-dde17cd\" data-id=\"dde17cd\" data-element_type=\"column\">\n\t\t\t<div class=\"elementor-widget-wrap elementor-element-populated\">\n\t\t\t\t\t\t<div class=\"elementor-element elementor-element-6e9428b elementor-widget elementor-widget-image\" data-id=\"6e9428b\" data-element_type=\"widget\" data-widget_type=\"image.default\">\n\t\t\t\t<div class=\"elementor-widget-container\">\n\t\t\t\t\t\t\t\t\t\t\t\t\t\t\t<img loading=\"lazy\" decoding=\"async\" width=\"580\" height=\"280\" src=\"https:\/\/ankarsa.com\/wp-content\/uploads\/2023\/08\/quienes-somos-3.jpg\" class=\"attachment-large size-large wp-image-238\" alt=\"\" srcset=\"https:\/\/ankarsa.com\/wp-content\/uploads\/2023\/08\/quienes-somos-3.jpg 580w, https:\/\/ankarsa.com\/wp-content\/uploads\/2023\/08\/quienes-somos-3-300x145.jpg 300w\" sizes=\"(max-width: 580px) 100vw, 580px\" \/>\t\t\t\t\t\t\t\t\t\t\t\t\t\t\t<\/div>\n\t\t\t\t<\/div>\n\t\t\t\t\t<\/div>\n\t\t<\/div>\n\t\t\t\t\t<\/div>\n\t\t<\/section>\n\t\t\t\t\t<\/div>\n\t\t<\/div>\n\t\t\t\t\t<\/div>\n\t\t<\/section>\n\t\t\t\t<\/div>\n\t\t","protected":false},"excerpt":{"rendered":"<p>Quem somos? Home \/ A empresa \/ Quem somos A Ankarsa \u00e9 uma empresa s\u00f3lida e experiente, que desenvolve a sua atividade em Espanha desde 1994 e em Portugal desde 2019.&nbsp; A Ankarsa caracteriza-se pela solidez financeira, pela inova\u00e7\u00e3o, pela competitividade e pela participa\u00e7\u00e3o na execu\u00e7\u00e3o de projetos singulares de alta qualidade e com as [&hellip;]<\/p>\n","protected":false},"author":1,"featured_media":0,"parent":0,"menu_order":0,"comment_status":"closed","ping_status":"closed","template":"","meta":{"_acf_changed":false,"inline_featured_image":false,"footnotes":""},"class_list":["post-3523","page","type-page","status-publish","hentry"],"acf":[],"_links":{"self":[{"href":"https:\/\/ankarsa.com\/pt-pt\/wp-json\/wp\/v2\/pages\/3523","targetHints":{"allow":["GET"]}}],"collection":[{"href":"https:\/\/ankarsa.com\/pt-pt\/wp-json\/wp\/v2\/pages"}],"about":[{"href":"https:\/\/ankarsa.com\/pt-pt\/wp-json\/wp\/v2\/types\/page"}],"author":[{"embeddable":true,"href":"https:\/\/ankarsa.com\/pt-pt\/wp-json\/wp\/v2\/users\/1"}],"replies":[{"embeddable":true,"href":"https:\/\/ankarsa.com\/pt-pt\/wp-json\/wp\/v2\/comments?post=3523"}],"version-history":[{"count":2,"href":"https:\/\/ankarsa.com\/pt-pt\/wp-json\/wp\/v2\/pages\/3523\/revisions"}],"predecessor-version":[{"id":3525,"href":"https:\/\/ankarsa.com\/pt-pt\/wp-json\/wp\/v2\/pages\/3523\/revisions\/3525"}],"wp:attachment":[{"href":"https:\/\/ankarsa.com\/pt-pt\/wp-json\/wp\/v2\/media?parent=3523"}],"curies":[{"name":"wp","href":"https:\/\/api.w.org\/{rel}","templated":true}]}}