{"id":3522,"date":"2024-06-03T13:33:02","date_gmt":"2024-06-03T11:33:02","guid":{"rendered":"https:\/\/ankarsa.com\/cookies\/"},"modified":"2025-06-19T16:05:08","modified_gmt":"2025-06-19T14:05:08","slug":"cookies","status":"publish","type":"page","link":"https:\/\/ankarsa.com\/pt-pt\/cookies\/","title":{"rendered":"Cookies"},"content":{"rendered":"\t\t<div data-elementor-type=\"wp-page\" data-elementor-id=\"3522\" class=\"elementor elementor-3522\">\n\t\t\t\t\t\t<section class=\"elementor-section elementor-top-section elementor-element elementor-element-056745e elementor-section-boxed elementor-section-height-default elementor-section-height-default\" data-id=\"056745e\" data-element_type=\"section\">\n\t\t\t\t\t\t<div class=\"elementor-container elementor-column-gap-default\">\n\t\t\t\t\t<div class=\"elementor-column elementor-col-100 elementor-top-column elementor-element elementor-element-5435c44\" data-id=\"5435c44\" data-element_type=\"column\">\n\t\t\t<div class=\"elementor-widget-wrap elementor-element-populated\">\n\t\t\t\t\t\t<div class=\"elementor-element elementor-element-61aedc9 elementor-widget elementor-widget-text-editor\" data-id=\"61aedc9\" data-element_type=\"widget\" data-widget_type=\"text-editor.default\">\n\t\t\t\t<div class=\"elementor-widget-container\">\n\t\t\t\t\t\t\t\t\t<h2>Pol\u00edtica de Cookies<\/h2>\n<p>De acordo com a Lei 34\/2002, de 11 de julho, de Servi\u00e7os da Sociedade da Informa\u00e7\u00e3o e Com\u00e9rcio Eletr\u00f3nico (LSSI), em rela\u00e7\u00e3o ao Regulamento (UE) 2016\/679 do Parlamento Europeu e do Conselho, de 27 de abril de 2016, ao Regulamento Geral sobre a Prote\u00e7\u00e3o de Dados (RGPD) e \u00e0 Lei Org\u00e2nica 3\/2018, de 5 de dezembro, de Prote\u00e7\u00e3o de Dados e Garantia dos Direitos Digitais (LOPDGDD), \u00e9 obrigat\u00f3rio obter o consentimento expresso do utilizador de todos os websites que utilizem cookies n\u00e3o essenciais antes de navegar nos mesmos.<\/p>\t\t\t\t\t\t\t\t<\/div>\n\t\t\t\t<\/div>\n\t\t\t\t<div class=\"elementor-element elementor-element-efb6639 elementor-widget elementor-widget-text-editor\" data-id=\"efb6639\" data-element_type=\"widget\" data-widget_type=\"text-editor.default\">\n\t\t\t\t<div class=\"elementor-widget-container\">\n\t\t\t\t\t\t\t\t\t<p><strong>O QUE S\u00c3O OS COOKIES?<\/strong><\/p>\n<p>Os cookies e outras tecnologias semelhantes, como os objetos locais partilhados, os cookies flash ou os pixels, s\u00e3o ferramentas utilizadas pelos servidores web para armazenar e recuperar informa\u00e7\u00e3o sobre os seus visitantes, bem como para garantir o bom funcionamento do website. Ao utilizar estes dispositivos, o servidor web permite ao utilizador recordar determinados dados, como as suas prefer\u00eancias de visualiza\u00e7\u00e3o de p\u00e1ginas nesse servidor, o seu nome de utilizador e palavra-passe, os produtos nos quais est\u00e1 mais interessado, etc. <\/p>\t\t\t\t\t\t\t\t<\/div>\n\t\t\t\t<\/div>\n\t\t\t\t<div class=\"elementor-element elementor-element-8a9dc07 elementor-widget elementor-widget-text-editor\" data-id=\"8a9dc07\" data-element_type=\"widget\" data-widget_type=\"text-editor.default\">\n\t\t\t\t<div class=\"elementor-widget-container\">\n\t\t\t\t\t\t\t\t\t<p><strong>COOKIES AFETADOS PELA REGULAMENTA\u00c7\u00c3O E COOKIES EXCEPTOS<\/strong><\/p>\n<p>De acordo com a diretiva da UE, os cookies que requerem o consentimento informado do utilizador s\u00e3o os cookies anal\u00edticos, os cookies de publicidade e os cookies de afilia\u00e7\u00e3o. Excluem-se os cookies t\u00e9cnicos e os necess\u00e1rios ao funcionamento do site ou \u00e0 presta\u00e7\u00e3o de servi\u00e7os expressamente solicitados pelo utilizador.<\/p>\t\t\t\t\t\t\t\t<\/div>\n\t\t\t\t<\/div>\n\t\t\t\t<div class=\"elementor-element elementor-element-6ae2806 elementor-widget elementor-widget-text-editor\" data-id=\"6ae2806\" data-element_type=\"widget\" data-widget_type=\"text-editor.default\">\n\t\t\t\t<div class=\"elementor-widget-container\">\n\t\t\t\t\t\t\t\t\t<p><strong>TIPOS DE COOKIES<\/strong><\/p>\n<p><strong>DE ACORDO COM A FINALIADDE<\/strong><\/p>\n<p><strong>Cookies t\u00e9cnicos e funcionais:<\/strong> S\u00e3o cookies que permitem ao utilizador navegar num website, plataforma ou aplica\u00e7\u00e3o e utilizar as diferentes op\u00e7\u00f5es ou servi\u00e7os nele dispon\u00edveis.<\/p>\n<p><strong>Cookies anal\u00edticos:<\/strong> S\u00e3o cookies que permitem ao respons\u00e1vel pelo tratamento monitorizar e analisar o comportamento dos utilizadores dos sites aos quais est\u00e3o vinculados. As informa\u00e7\u00f5es recolhidas atrav\u00e9s deste tipo de cookies s\u00e3o utilizadas para medir a atividade de websites, aplica\u00e7\u00f5es ou plataformas e para criar perfis de navega\u00e7\u00e3o dos utilizadores desses websites, aplica\u00e7\u00f5es e plataformas, de forma a introduzir melhorias com base na an\u00e1lise de dados sobre a utiliza\u00e7\u00e3o do servi\u00e7o pelos utilizadores. <\/p>\n<p><strong>Cookies de publicidade:<\/strong> Estes cookies permitem a gest\u00e3o mais eficiente dos espa\u00e7os publicit\u00e1rios que, quando apropriado, o editor incluiu num website, aplica\u00e7\u00e3o ou plataforma a partir do qual o servi\u00e7o solicitado \u00e9 prestado, com base em crit\u00e9rios como o conte\u00fado editado ou a frequ\u00eancia com que os an\u00fancios s\u00e3o apresentados.<\/p>\n<p><strong>Cookies de publicidade comportamental:<\/strong> Estes cookies recolhem informa\u00e7\u00e3o sobre as prefer\u00eancias e escolhas pessoais do utilizador (retargeting) para permitir a gest\u00e3o mais eficiente dos espa\u00e7os publicit\u00e1rios que, quando apropriado, o editor incluiu num website, aplica\u00e7\u00e3o ou plataforma a partir da qual o servi\u00e7o solicitado \u00e9 prestado.<\/p>\n<p><strong>Cookies sociais:<\/strong> Estes cookies s\u00e3o definidos pelas plataformas de redes sociais nos seus servi\u00e7os para permitir que partilhe conte\u00fado com os seus amigos e redes. As plataformas de redes sociais t\u00eam a capacidade de rastrear a sua atividade online fora dos servi\u00e7os. Isto pode afetar o conte\u00fado e as mensagens que v\u00ea noutros servi\u00e7os que visita.  <\/p>\n<p><strong>Cookies de afiliados:<\/strong> Permitem o rastreio de visitas de outros sites com os quais o site tem um contrato de afilia\u00e7\u00e3o (empresas afiliadas).<\/p>\n<p><strong>Cookies de seguran\u00e7a:<\/strong> Armazenam informa\u00e7\u00f5es encriptadas para evitar que os dados neles armazenados sejam vulner\u00e1veis \u200b\u200ba ataques maliciosos de terceiros.<\/p>\t\t\t\t\t\t\t\t<\/div>\n\t\t\t\t<\/div>\n\t\t\t\t<div class=\"elementor-element elementor-element-d67e219 elementor-widget elementor-widget-text-editor\" data-id=\"d67e219\" data-element_type=\"widget\" data-widget_type=\"text-editor.default\">\n\t\t\t\t<div class=\"elementor-widget-container\">\n\t\t\t\t\t\t\t\t\t<p><strong>DE ACORDO COM A PROPRIEDADE<\/strong><\/p>\n<p><strong>Cookies prim\u00e1rios:<\/strong> S\u00e3o enviados para o terminal do utilizador a partir de um computador ou dom\u00ednio gerido pelo pr\u00f3prio editor e a partir do qual \u00e9 fornecido o servi\u00e7o solicitado pelo utilizador.<\/p>\n<p><strong>Cookies de terceiros:<\/strong> S\u00e3o enviados para o terminal do utilizador a partir de um computador ou dom\u00ednio n\u00e3o gerido pelo editor, mas por outra entidade que processa os dados obtidos atrav\u00e9s dos cookies.<\/p>\t\t\t\t\t\t\t\t<\/div>\n\t\t\t\t<\/div>\n\t\t\t\t<div class=\"elementor-element elementor-element-44a122b elementor-widget elementor-widget-text-editor\" data-id=\"44a122b\" data-element_type=\"widget\" data-widget_type=\"text-editor.default\">\n\t\t\t\t<div class=\"elementor-widget-container\">\n\t\t\t\t\t\t\t\t\t<p><strong>DE ACORDO COM O PER\u00cdODO DE RETEN\u00c7\u00c3O<\/strong><\/p>\n<p><strong>Cookies de sess\u00e3o:<\/strong> S\u00e3o um tipo de cookies concebidos para recolher e armazenar dados enquanto o utilizador acede a um website.<\/p>\n<p><strong>Cookies persistentes:<\/strong> S\u00e3o um tipo de cookies em que os dados permanecem armazenados no dispositivo e podem ser acedidos e processados \u200b\u200bdurante um per\u00edodo definido pelo controlador de cookies, que pode variar de alguns minutos a v\u00e1rios anos.<\/p>\t\t\t\t\t\t\t\t<\/div>\n\t\t\t\t<\/div>\n\t\t\t\t<div class=\"elementor-element elementor-element-5899541 elementor-widget elementor-widget-text-editor\" data-id=\"5899541\" data-element_type=\"widget\" data-widget_type=\"text-editor.default\">\n\t\t\t\t<div class=\"elementor-widget-container\">\n\t\t\t\t\t\t\t\t\t<p><strong>TRATAMENTO DE DADOS PESSOAIS<\/strong><\/p>\n<p>Construcciones y obras Ankarsa, s.a. &#8211; sucursal em Portugal \u00e9 o Controlador dos dados pessoais do Titular dos Dados e informa que estes dados ser\u00e3o tratados em conformidade com o disposto no Regulamento (UE) 2016\/679 de 27 de abril de 2016 (RGPD). Assim, as seguintes informa\u00e7\u00f5es s\u00e3o fornecidas:<\/p>\n<p><strong>Finalidades do tratamento:<\/strong> conforme especificado na sec\u00e7\u00e3o sobre cookies utilizados neste website;<\/p>\n<p><strong>Legitima\u00e7\u00e3o do tratamento:<\/strong> exceto nos casos em que seja necess\u00e1rio para a navega\u00e7\u00e3o no site, com o consentimento do titular dos dados (artigo 6.1 do RGPD); <\/p>\n<p><strong>Crit\u00e9rios de conserva\u00e7\u00e3o de dados:<\/strong> conforme especificado na sec\u00e7\u00e3o sobre cookies utilizados no website;<\/p>\n<p><strong>Divulga\u00e7\u00e3o de dados:<\/strong> Os dados n\u00e3o ser\u00e3o divulgados a terceiros, exceto cookies propriedade de terceiros ou por obriga\u00e7\u00e3o legal; Direitos do Titular dos Dados: \u2013 Direito de revogar o consentimento a qualquer momento. \u2013 Direito de aceder, retificar, transferir e apagar os seus dados, bem como de restringir ou de se opor ao seu tratamento. \u2013 Direito de apresentar queixa \u00e0 Autoridade de Controlo se considerar que o tratamento n\u00e3o est\u00e1 em conformidade com a legisla\u00e7\u00e3o em vigor.<\/p>\n<p>Contacto para exercer os seus direitos: Construcciones y obras Ankarsa, s.a. &#8211; sucursal em Portugal sita na Rua Visconde de Santar\u00e9m, n\u00ba 73 Arroios 1000-286 Lisboa E-mail: ankarsa@ankarsa.com <\/p>\t\t\t\t\t\t\t\t<\/div>\n\t\t\t\t<\/div>\n\t\t\t\t<div class=\"elementor-element elementor-element-ea20a00 elementor-widget elementor-widget-text-editor\" data-id=\"ea20a00\" data-element_type=\"widget\" data-widget_type=\"text-editor.default\">\n\t\t\t\t<div class=\"elementor-widget-container\">\n\t\t\t\t\t\t\t\t\t<strong>COOKIES CONTROLADOS PELO EDITOR<\/strong>\n<table>\n<tbody>\n<tr>\n<th colspan=\"4\">T\u00e9cnicos e funcionais<\/th>\n<\/tr>\n<tr>\n<th>Propiedade<\/th>\n<th>Cookie<\/th>\n<th>Finalidade<\/th>\n<th>Prazo<\/th>\n<\/tr>\n<tr>\n<td>ankarsa.com<\/td>\n<td>_ga_Z8GJ89T4PF<\/td>\n<td>Cookie necess\u00e1rio para a utiliza\u00e7\u00e3o das op\u00e7\u00f5es e servi\u00e7os do sitio web<\/td>\n<td>Por um ano<\/td>\n<\/tr>\n<tr>\n<td>ankarsa.com<\/td>\n<td>AvisoCookies<\/td>\n<td>Cookie necess\u00e1rio para a utiliza\u00e7\u00e3o das op\u00e7\u00f5es e servi\u00e7os do sitio web<\/td>\n<td>Por um ano<\/td>\n<\/tr>\n<\/tbody>\n<\/table>\n<table>\n<tbody>\n<tr>\n<th colspan=\"4\">Anal\u00edticos<\/th>\n<\/tr>\n<tr>\n<th>Propiedade<\/th>\n<th>Cookie<\/th>\n<th>Finalidade<\/th>\n<th>Prazo<\/th>\n<\/tr>\n<tr>\n<td>Google Analytics<\/td>\n<td>_ga<\/td>\n<td>ID utilizado para identificar os usu\u00e1rios<\/td>\n<td>Por um ano<\/td>\n<\/tr>\n<tr>\n<td>Google Analytics<\/td>\n<td>_gat<\/td>\n<td>Utilizado para monitorizar o n\u00famero de pedidos ao servidor de Google Analytics quando se utiliza o Administrador de etiquetas Google<\/td>\n<td>Durante sess\u00e3o<\/td>\n<\/tr>\n<tr>\n<td>Google Analytics<\/td>\n<td>_gid<\/td>\n<td>ID utilizado para identificar os usu\u00e1rios durante 24 horas depois da \u00faltima atividade<\/td>\n<td>Por um dia<\/td>\n<\/tr>\n<\/tbody>\n<\/table>\t\t\t\t\t\t\t\t<\/div>\n\t\t\t\t<\/div>\n\t\t\t\t<div class=\"elementor-element elementor-element-e007212 elementor-widget elementor-widget-text-editor\" data-id=\"e007212\" data-element_type=\"widget\" data-widget_type=\"text-editor.default\">\n\t\t\t\t<div class=\"elementor-widget-container\">\n\t\t\t\t\t\t\t\t\t<strong>COOKIES DE TERCEROS<\/strong>\n\nOs servi\u00e7os de terceiros est\u00e3o fora do controlo do editor. Os fornecedores podem modificar os seus termos de servi\u00e7o, finalidade e utiliza\u00e7\u00e3o de cookies a qualquer momento. \n\n<strong>Proveedores externos de este sitio web:<\/strong>\n<table>\n<tbody>\n<tr>\n<th>Editor<\/th>\n<th>Pol\u00edtica de privacidade<\/th>\n<\/tr>\n<tr>\n<td>Google Analytics<\/td>\n<td><a href=\"https:\/\/safety.google\/\" target=\"_blank\" rel=\"noopener\"> https:\/\/privacy.google.com\/take-control.html<\/a><\/td>\n<\/tr>\n<\/tbody>\n<\/table>\t\t\t\t\t\t\t\t<\/div>\n\t\t\t\t<\/div>\n\t\t\t\t<div class=\"elementor-element elementor-element-61cf309 elementor-widget elementor-widget-text-editor\" data-id=\"61cf309\" data-element_type=\"widget\" data-widget_type=\"text-editor.default\">\n\t\t\t\t<div class=\"elementor-widget-container\">\n\t\t\t\t\t\t\t\t\t<p><strong>PANEL DE COOKIES<\/strong><\/p><table><tbody><tr><th colspan=\"4\">COMO GERIR OS COOKIES DO NAVEGADOR<\/th><\/tr><tr><td>Apagar cookies do seu dispositivo<\/td><td>Os cookies j\u00e1 armazenados num dispositivo podem ser eliminados atrav\u00e9s da limpeza do hist\u00f3rico do navegador, o que eliminar\u00e1 os cookies de todos os sites visitados.<br>No entanto, algumas informa\u00e7\u00f5es guardadas (como informa\u00e7\u00f5es de in\u00edcio de sess\u00e3o ou prefer\u00eancias do website) tamb\u00e9m podem ser perdidas.<\/td><\/tr><tr><td>Gerir cookies espec\u00edficos do site<\/td><td>Para um controlo mais preciso sobre os cookies espec\u00edficos do website, os utilizadores podem ajustar as suas defini\u00e7\u00f5es de privacidade e cookies nos seus navegadores.<\/td><\/tr><tr><td>Bloquear cookies<\/td><td>Embora a maioria dos navegadores modernos possa ser configurada para impedir a instala\u00e7\u00e3o de cookies no seu dispositivo, isto pode exigir que ajuste manualmente determinadas prefer\u00eancias sempre que visita um website ou p\u00e1gina. Al\u00e9m disso, alguns servi\u00e7os e funcionalidades podem n\u00e3o funcionar corretamente (por exemplo, logins de perfil). <\/td><\/tr><\/tbody><\/table><table><tbody><tr><th colspan=\"4\">C\u00d3MO ELIMINAR LAS COOKIES DE LOS NAVEGADORES M\u00c1S COMUNES<\/th><\/tr><tr><td>Chrome<\/td><td><a href=\"https:\/\/support.google.com\/chrome\/answer\/95647?hl=es\">https:\/\/support.google.com\/chrome\/answer\/95647?hl=es<\/a><\/td><\/tr><tr><td>Edge<\/td><td><a href=\"https:\/\/support.microsoft.com\/es-es\/windows\/administrar-cookies-en-microsoft-edge-ver-permitir-bloquear-eliminar-y-usar-168dab11-0753-043d-7c16-ede5947fc64d\">https:\/\/support.microsoft.com\/es-es\/windows\/administrar-cookies-en-microsoft-edge-ver-permitir-bloquear-eliminar-y-usar-168dab11-0753-043d-7c16-ede5947fc64d<\/a><\/td><\/tr><tr><td>Explorer<\/td><td><a href=\"https:\/\/support.microsoft.com\/es-es\/topic\/c%C3%B3mo-eliminar-archivos-de-cookies-en-internet-explorer-bca9446f-d873-78de-77ba-d42645fa52fc\">https:\/\/support.microsoft.com\/es-es\/topic\/c%C3%B3mo-eliminar-archivos-de-cookies-en-internet-explorer-bca9446f-d873-78de-77ba-d42645fa52fc<\/a><\/td><\/tr><tr><td>Firefox<\/td><td><a href=\"https:\/\/www.mozilla.org\/es-ES\/privacy\/websites\/#cookies\">https:\/\/www.mozilla.org\/es-ES\/privacy\/websites\/#cookies<\/a><\/td><\/tr><tr><td>Safari<\/td><td><a href=\"https:\/\/support.apple.com\/es-es\/guide\/safari\/sfri11471\/mac\">https:\/\/support.apple.com\/es-es\/guide\/safari\/sfri11471\/mac<\/a><\/td><\/tr><tr><td>Opera<\/td><td><a href=\"https:\/\/help.opera.com\/en\/latest\/security-and-privacy\/#clearBrowsingData\">https:\/\/help.opera.com\/en\/latest\/security-and-privacy\/#clearBrowsingData<\/a><\/td><\/tr><\/tbody><\/table>\t\t\t\t\t\t\t\t<\/div>\n\t\t\t\t<\/div>\n\t\t\t\t\t<\/div>\n\t\t<\/div>\n\t\t\t\t\t<\/div>\n\t\t<\/section>\n\t\t\t\t<\/div>\n\t\t","protected":false},"excerpt":{"rendered":"<p>Pol\u00edtica de Cookies De acordo com a Lei 34\/2002, de 11 de julho, de Servi\u00e7os da Sociedade da Informa\u00e7\u00e3o e Com\u00e9rcio Eletr\u00f3nico (LSSI), em rela\u00e7\u00e3o ao Regulamento (UE) 2016\/679 do Parlamento Europeu e do Conselho, de 27 de abril de 2016, ao Regulamento Geral sobre a Prote\u00e7\u00e3o de Dados (RGPD) e \u00e0 Lei Org\u00e2nica 3\/2018, [&hellip;]<\/p>\n","protected":false},"author":1,"featured_media":0,"parent":0,"menu_order":0,"comment_status":"closed","ping_status":"closed","template":"","meta":{"_acf_changed":false,"inline_featured_image":false,"footnotes":""},"class_list":["post-3522","page","type-page","status-publish","hentry"],"acf":[],"_links":{"self":[{"href":"https:\/\/ankarsa.com\/pt-pt\/wp-json\/wp\/v2\/pages\/3522","targetHints":{"allow":["GET"]}}],"collection":[{"href":"https:\/\/ankarsa.com\/pt-pt\/wp-json\/wp\/v2\/pages"}],"about":[{"href":"https:\/\/ankarsa.com\/pt-pt\/wp-json\/wp\/v2\/types\/page"}],"author":[{"embeddable":true,"href":"https:\/\/ankarsa.com\/pt-pt\/wp-json\/wp\/v2\/users\/1"}],"replies":[{"embeddable":true,"href":"https:\/\/ankarsa.com\/pt-pt\/wp-json\/wp\/v2\/comments?post=3522"}],"version-history":[{"count":4,"href":"https:\/\/ankarsa.com\/pt-pt\/wp-json\/wp\/v2\/pages\/3522\/revisions"}],"predecessor-version":[{"id":3746,"href":"https:\/\/ankarsa.com\/pt-pt\/wp-json\/wp\/v2\/pages\/3522\/revisions\/3746"}],"wp:attachment":[{"href":"https:\/\/ankarsa.com\/pt-pt\/wp-json\/wp\/v2\/media?parent=3522"}],"curies":[{"name":"wp","href":"https:\/\/api.w.org\/{rel}","templated":true}]}}