{"id":3520,"date":"2023-07-28T14:47:42","date_gmt":"2023-07-28T12:47:42","guid":{"rendered":"https:\/\/ankarsa.com\/privacidad\/"},"modified":"2025-06-24T13:44:53","modified_gmt":"2025-06-24T11:44:53","slug":"privacidade","status":"publish","type":"page","link":"https:\/\/ankarsa.com\/pt-pt\/privacidade\/","title":{"rendered":"Privacidade"},"content":{"rendered":"\t\t<div data-elementor-type=\"wp-page\" data-elementor-id=\"3520\" class=\"elementor elementor-3520\">\n\t\t\t\t\t\t<section class=\"elementor-section elementor-top-section elementor-element elementor-element-44bc0b3 elementor-section-boxed elementor-section-height-default elementor-section-height-default\" data-id=\"44bc0b3\" data-element_type=\"section\">\n\t\t\t\t\t\t<div class=\"elementor-container elementor-column-gap-default\">\n\t\t\t\t\t<div class=\"elementor-column elementor-col-100 elementor-top-column elementor-element elementor-element-2f87ef32\" data-id=\"2f87ef32\" data-element_type=\"column\">\n\t\t\t<div class=\"elementor-widget-wrap elementor-element-populated\">\n\t\t\t\t\t\t<div class=\"elementor-element elementor-element-2cdf0878 elementor-widget elementor-widget-text-editor\" data-id=\"2cdf0878\" data-element_type=\"widget\" data-widget_type=\"text-editor.default\">\n\t\t\t\t<div class=\"elementor-widget-container\">\n\t\t\t\t\t\t\t\t\t<p><\/p>\n<h1>Pol\u00edtica de Privacidade<\/h1>\n<p><\/p>\n<p><strong>Respons\u00e1vel pelo tratamento:<\/strong><\/p>\n<p>Construcciones y obras Ankarsa, s.a. &#8211; sucursal em Portugal <br>Rua Visconde de Santar\u00e9m, n\u00ba 73 Arroios 1000-286 Lisboa<br><a href=\"mailto:ankarsa@ankarsa.com\">ankarsa@ankarsa.com<\/a><br>232245540<\/p>\n<p>A Ankarsa se compromete ao abrigo do Regulamento UE 2016\/679 e da Lei 3\/2018 a proteger a sua privacidade e informa\u00e7\u00f5es pessoais, fornecendo uma liga\u00e7\u00e3o segura ao utilizador para evitar altera\u00e7\u00f5es, bem como acesso n\u00e3o autorizado \u00e0s suas informa\u00e7\u00f5es pessoais.<\/p>\n<p><\/p>\n<p><strong>Respons\u00e1vel pela Prote\u00e7\u00e3o de Dados:<\/strong><\/p>\n<p>A Construcciones y obras Ankarsa, s.a. &#8211; sucursal em Portugal n\u00e3o \u00e9 obrigada a nomear um Encarregado de Prote\u00e7\u00e3o de Dados.<\/p>\n<p><\/p>\n<p><strong>Tipo de informa\u00e7\u00e3o que recolhemos:<\/strong><\/p>\n<ul>\n<li>Dados de identifica\u00e7\u00e3o<\/li>\n<\/ul>\n<p>Esta informa\u00e7\u00e3o \u00e9 necess\u00e1ria para realizar as finalidades descritas na sec\u00e7\u00e3o seguinte, caso contr\u00e1rio n\u00e3o poderemos inform\u00e1-lo ou processar os seus pedidos<\/p>\n<p><\/p>\n<p><strong>Finalidade e utiliza\u00e7\u00f5es:<\/strong><\/p>\n<p>A informa\u00e7\u00e3o recolhida no website ser\u00e1 utilizada apenas para as seguintes finalidades:<\/p>\n<p><\/p>\n<ul>\n<li>Para atender ao seu pedido de contato e informa\u00e7\u00f5es.<\/li>\n<\/ul>\n<p><\/p>\n<p><strong>Como recolhemos informa\u00e7\u00f5es:<\/strong><\/p>\n<p>Construcciones y obras Ankarsa, s.a. &#8211; sucursal em Portugal obt\u00e9m a sua informa\u00e7\u00e3o da seguinte forma, a informa\u00e7\u00e3o \u00e9 sempre fornecida por si:<\/p>\n<p><\/p>\n<ul>\n<li>Atrav\u00e9s deste site<\/li>\n<\/ul>\n<p><\/p>\n<p><strong>Destinat\u00e1rios:<\/strong><\/p>\n<p>Construcciones y obras Ankarsa, s.a. &#8211; sucursal em Portugal n\u00e3o transferir\u00e1 a terceiros a informa\u00e7\u00e3o recolhida atrav\u00e9s deste website.<\/p>\n<p><\/p>\n<p><strong>Transfer\u00eancias internacionais:<\/strong><\/p>\n<p>Construcciones y obras Ankarsa, s.a. &#8211; sucursal em Portugal n\u00e3o transferir\u00e1 os seus dados pessoais para pa\u00edses terceiros.<\/p>\n<p><\/p>\n<p><strong>Per\u00edodo de reten\u00e7\u00e3o de informa\u00e7\u00f5es pessoais:<\/strong><\/p>\n<p>Informamos ainda que a Construcciones y obras Ankarsa, s.a. &#8211; sucursal em Portugal conservar\u00e1 os seus dados pessoais durante a vig\u00eancia do servi\u00e7o de informa\u00e7\u00e3o e o per\u00edodo do processo de sele\u00e7\u00e3o, ou pelo per\u00edodo que possa ser exigido pelas obriga\u00e7\u00f5es legais que possam afetar o tratamento de dados, podendo exercer o seu direito de acesso, retifica\u00e7\u00e3o, cancelamento, portabilidade e limita\u00e7\u00e3o do seu tratamento, bem como opor-se a ele enviando um pedido por escrito para <a href=\"mailto:ankarsa@ankarsa.com\">ankarsa@ankarsa.com<\/a><\/p>\n<p><\/p>\n<p><strong>Portabilidade dos dados:<\/strong><\/p>\n<p>Informamos que utilizamos servi\u00e7os de computa\u00e7\u00e3o em nuvem.<\/p>\n<p><\/p>\n<p><strong>Reclama\u00e7\u00e3o \u00e0 autoridade de controlo:<\/strong><\/p>\n<p>Informamos que tem o direito de apresentar uma denuncia ou reclama\u00e7\u00e3o se considerar que os seus dados est\u00e3o a ser utilizados incorretamente.<\/p>\n<p><\/p>\n<p><strong>Rastreamento comportamental e sinais de n\u00e3o rastreamento:<\/strong><\/p>\n<p>Construcciones y obras Ankarsa, s.a. &#8211; sucursal em Portugal utiliza tecnologias de recolha de dados para saber informa\u00e7\u00f5es sobre a sua navega\u00e7\u00e3o. Para tal, consulte a nossa Pol\u00edtica de Cookies. <\/p>\n<p><strong>Privacidade das crian\u00e7as:<\/strong><\/p>\n<p>Construcciones y obras Ankarsa, s.a. &#8211; sucursal em Portugal tem especial cuidado em proteger a privacidade dos menores. Os nossos sites s\u00e3o sites para o p\u00fablico em geral. N\u00e3o permitimos que menores de 16 anos se registem, nem armazenamos informa\u00e7\u00f5es pessoais dos utilizadores com menos de 16 anos.  <\/p>\n<p><\/p>\t\t\t\t\t\t\t\t<\/div>\n\t\t\t\t<\/div>\n\t\t\t\t\t<\/div>\n\t\t<\/div>\n\t\t\t\t\t<\/div>\n\t\t<\/section>\n\t\t\t\t<\/div>\n\t\t","protected":false},"excerpt":{"rendered":"<p>Pol\u00edtica de Privacidade Respons\u00e1vel pelo tratamento: Construcciones y obras Ankarsa, s.a. &#8211; sucursal em Portugal Rua Visconde de Santar\u00e9m, n\u00ba 73 Arroios 1000-286 Lisboaankarsa@ankarsa.com232245540 A Ankarsa se compromete ao abrigo do Regulamento UE 2016\/679 e da Lei 3\/2018 a proteger a sua privacidade e informa\u00e7\u00f5es pessoais, fornecendo uma liga\u00e7\u00e3o segura ao utilizador para evitar altera\u00e7\u00f5es, [&hellip;]<\/p>\n","protected":false},"author":1,"featured_media":0,"parent":0,"menu_order":0,"comment_status":"closed","ping_status":"closed","template":"","meta":{"_acf_changed":false,"inline_featured_image":false,"footnotes":""},"class_list":["post-3520","page","type-page","status-publish","hentry"],"acf":[],"_links":{"self":[{"href":"https:\/\/ankarsa.com\/pt-pt\/wp-json\/wp\/v2\/pages\/3520","targetHints":{"allow":["GET"]}}],"collection":[{"href":"https:\/\/ankarsa.com\/pt-pt\/wp-json\/wp\/v2\/pages"}],"about":[{"href":"https:\/\/ankarsa.com\/pt-pt\/wp-json\/wp\/v2\/types\/page"}],"author":[{"embeddable":true,"href":"https:\/\/ankarsa.com\/pt-pt\/wp-json\/wp\/v2\/users\/1"}],"replies":[{"embeddable":true,"href":"https:\/\/ankarsa.com\/pt-pt\/wp-json\/wp\/v2\/comments?post=3520"}],"version-history":[{"count":4,"href":"https:\/\/ankarsa.com\/pt-pt\/wp-json\/wp\/v2\/pages\/3520\/revisions"}],"predecessor-version":[{"id":3749,"href":"https:\/\/ankarsa.com\/pt-pt\/wp-json\/wp\/v2\/pages\/3520\/revisions\/3749"}],"wp:attachment":[{"href":"https:\/\/ankarsa.com\/pt-pt\/wp-json\/wp\/v2\/media?parent=3520"}],"curies":[{"name":"wp","href":"https:\/\/api.w.org\/{rel}","templated":true}]}}