{"id":3519,"date":"2023-09-18T09:20:03","date_gmt":"2023-09-18T07:20:03","guid":{"rendered":"https:\/\/ankarsa.com\/aviso-legal\/"},"modified":"2025-06-19T14:20:54","modified_gmt":"2025-06-19T12:20:54","slug":"aviso-legal","status":"publish","type":"page","link":"https:\/\/ankarsa.com\/pt-pt\/aviso-legal\/","title":{"rendered":"Aviso Legal"},"content":{"rendered":"\t\t<div data-elementor-type=\"wp-page\" data-elementor-id=\"3519\" class=\"elementor elementor-3519\">\n\t\t\t\t\t\t<section class=\"elementor-section elementor-top-section elementor-element elementor-element-64eb3e4 elementor-section-boxed elementor-section-height-default elementor-section-height-default\" data-id=\"64eb3e4\" data-element_type=\"section\">\n\t\t\t\t\t\t<div class=\"elementor-container elementor-column-gap-default\">\n\t\t\t\t\t<div class=\"elementor-column elementor-col-100 elementor-top-column elementor-element elementor-element-887f222\" data-id=\"887f222\" data-element_type=\"column\">\n\t\t\t<div class=\"elementor-widget-wrap elementor-element-populated\">\n\t\t\t\t\t\t<div class=\"elementor-element elementor-element-220c152 elementor-widget elementor-widget-text-editor\" data-id=\"220c152\" data-element_type=\"widget\" data-widget_type=\"text-editor.default\">\n\t\t\t\t<div class=\"elementor-widget-container\">\n\t\t\t\t\t\t\t\t\t<h1 class=\"wp-block-heading\">Aviso Legal<\/h1>\n<p><\/p>\n<p>Este aviso legal regula o uso do site www.ankarsa.com (posteriormente referido como \u201csite\u201d ou \u201cwebsite\u201d) da Construcciones y obras Ankarsa, s.a. &#8211; sucursal em Portugal com NIF 980 689 767.<\/p>\n<p><\/p>\t\t\t\t\t\t\t\t<\/div>\n\t\t\t\t<\/div>\n\t\t\t\t<div class=\"elementor-element elementor-element-7e4dacb elementor-widget elementor-widget-text-editor\" data-id=\"7e4dacb\" data-element_type=\"widget\" data-widget_type=\"text-editor.default\">\n\t\t\t\t<div class=\"elementor-widget-container\">\n\t\t\t\t\t\t\t\t\t<p><strong>LEGISLA\u00c7\u00c3O<\/strong><\/p>\n<p><\/p>\n<p>Em geral, as rela\u00e7\u00f5es entre a Construcciones y obras Ankarsa, s.a. &#8211; sucursal em Portugal e os utilizadores dos seus servi\u00e7os telem\u00e1ticos, presentes no website, est\u00e3o sujeitas \u00e0 legisla\u00e7\u00e3o e jurisdi\u00e7\u00e3o espanholas.<\/p>\t\t\t\t\t\t\t\t<\/div>\n\t\t\t\t<\/div>\n\t\t\t\t<div class=\"elementor-element elementor-element-4e51342 elementor-widget elementor-widget-text-editor\" data-id=\"4e51342\" data-element_type=\"widget\" data-widget_type=\"text-editor.default\">\n\t\t\t\t<div class=\"elementor-widget-container\">\n\t\t\t\t\t\t\t\t\t<p><strong>UTILIZA\u00c7\u00c3O E ACESSO DO UTILIZADOR<\/strong><\/p>\n<p><\/p>\n<p>O utilizador \u00e9 informado, e aceita, que o acesso a este website n\u00e3o implica, de forma alguma, o in\u00edcio de uma rela\u00e7\u00e3o comercial com a Construcciones y obras Ankarsa, s.a. &#8211; sucursal em Portugal.<\/p>\t\t\t\t\t\t\t\t<\/div>\n\t\t\t\t<\/div>\n\t\t\t\t<div class=\"elementor-element elementor-element-47b1eb3 elementor-widget elementor-widget-text-editor\" data-id=\"47b1eb3\" data-element_type=\"widget\" data-widget_type=\"text-editor.default\">\n\t\t\t\t<div class=\"elementor-widget-container\">\n\t\t\t\t\t\t\t\t\t<p><strong>PROPRIEDADE INTELECTUAL E INDUSTRIAL<\/strong><\/p>\n<p><\/p>\n<p>Os direitos de propriedade intelectual do conte\u00fado das p\u00e1ginas web, o seu design gr\u00e1fico e c\u00f3digos s\u00e3o propriedade da Construcciones y obras Ankarsa, s.a. &#8211; sucursal em Portugal e, portanto, a sua reprodu\u00e7\u00e3o, distribui\u00e7\u00e3o, comunica\u00e7\u00e3o p\u00fablica, transforma\u00e7\u00e3o ou qualquer outra atividade que possa ser realizada com o conte\u00fado das suas p\u00e1ginas web \u00e9 proibida, mesmo citando as fontes, a menos que haja consentimento por escrito da Construcciones y obras Ankarsa, s.a. &#8211; sucursal em Portugal.<\/p>\t\t\t\t\t\t\t\t<\/div>\n\t\t\t\t<\/div>\n\t\t\t\t<div class=\"elementor-element elementor-element-2f9fa8c elementor-widget elementor-widget-text-editor\" data-id=\"2f9fa8c\" data-element_type=\"widget\" data-widget_type=\"text-editor.default\">\n\t\t\t\t<div class=\"elementor-widget-container\">\n\t\t\t\t\t\t\t\t\t<p><strong>CONTE\u00daDO DO SITE E LINKS<\/strong><\/p>\n<p><\/p>\n<p>Construcciones y obras Ankarsa, s.a. &#8211; sucursal em Portugal reserva-se o direito de atualizar, modificar ou eliminar a informa\u00e7\u00e3o contida nas suas p\u00e1ginas web, podendo mesmo limitar ou negar o acesso a essa informa\u00e7\u00e3o a determinados utilizadores.<\/p>\n<p>Construcciones y obras Ankarsa, s.a. &#8211; sucursal em Portugal reserva-se o direito de atualizar, modificar ou eliminar a informa\u00e7\u00e3o contida nas suas p\u00e1ginas web, podendo mesmo limitar ou negar o acesso a essa informa\u00e7\u00e3o a determinados utilizadores.<\/p>\n<p><\/p>\t\t\t\t\t\t\t\t<\/div>\n\t\t\t\t<\/div>\n\t\t\t\t<div class=\"elementor-element elementor-element-0a06b88 elementor-widget elementor-widget-text-editor\" data-id=\"0a06b88\" data-element_type=\"widget\" data-widget_type=\"text-editor.default\">\n\t\t\t\t<div class=\"elementor-widget-container\">\n\t\t\t\t\t\t\t\t\t<p><strong>INFORMA\u00c7\u00c3O SOBRE OS COOKIES UTILIZADOS<\/strong><\/p>\n<p>Informamos que os cookies s\u00e3o utilizados neste website com a finalidade de executar comunica\u00e7\u00f5es eletr\u00f3nicas para navega\u00e7\u00e3o, bem como com a finalidade de fornecer ou ativar os servi\u00e7os ou funcionalidades por si solicitados. Estes cookies: <\/p>\n<ul>\n<li>Lembram-se da prefer\u00eancia da l\u00edngua indicada;<\/li>\n<li>Aumentam a seguran\u00e7a de navega\u00e7\u00e3o no nosso website;<\/li>\n<li>Facilitam a navega\u00e7\u00e3o;<\/li>\n<li>Ativam a reprodu\u00e7\u00e3o de conte\u00fado multim\u00e9dia.<\/li>\n<\/ul>\n<p>Este website utiliza ainda cookies pr\u00f3prios, destinados a recolher informa\u00e7\u00e3o sobre a navega\u00e7\u00e3o dos utilizadores no site, de forma completamente an\u00f3nima e dissociada, para fins estritamente estat\u00edsticos e para melhorar a sua funcionalidade, cuja utiliza\u00e7\u00e3o nos permite:<\/p>\n<ul>\n<li>Conhecer o n\u00famero de visitantes do nosso website;<\/li>\n<li>Contar o n\u00famero de visitas a cada uma das diferentes p\u00e1ginas deste website;<\/li>\n<li>Conhecer a atividade para identifica\u00e7\u00e3o de problemas e melhorias na navega\u00e7\u00e3o<\/li>\n<\/ul>\n<p>Voc\u00ea pode desativar o uso de cookies a qualquer momento, modificando as configura\u00e7\u00f5es do seu navegador:<\/p>\n<p><strong>Para as defini\u00e7\u00f5es de cookies do Internet Explorer:<\/strong><\/p>\n<p><a href=\"http:\/\/windows.microsoft.com\/es-es\/windows-vista\/block-or-allow-cookies\">http:\/\/windows.microsoft.com\/es-es\/windows-vista\/block-or-allow-cookies<\/a><\/p>\n<p><strong>Para as configura\u00e7\u00f5es de cookies do Firefox:<\/strong><\/p>\n<p><a href=\"http:\/\/support.mozilla.org\/es\/kb\/habilitar-y-deshabilitar-cookies-que-los-sitios-we\">http:\/\/support.mozilla.org\/es\/kb\/habilitar-y-deshabilitar-cookies-que-los-sitios-we<\/a><\/p>\n<p><strong>Para defini\u00e7\u00f5es de cookies no Google Chrome:<\/strong><\/p>\n<p><a href=\"https:\/\/support.google.com\/chrome\/answer\/95647?hl=es\">https:\/\/support.google.com\/chrome\/answer\/95647?hl=es<\/a><\/p>\n<p><strong>Para as defini\u00e7\u00f5es de cookies do Safari<\/strong>:<\/p>\n<p><a href=\"http:\/\/support.apple.com\/kb\/HT1677?viewlocale=es_ES&amp;locale=es_ES\">http:\/\/support.apple.com\/kb\/HT1677?viewlocale=es_ES&amp;locale=es_ES<\/a><\/p>\t\t\t\t\t\t\t\t<\/div>\n\t\t\t\t<\/div>\n\t\t\t\t\t<\/div>\n\t\t<\/div>\n\t\t\t\t\t<\/div>\n\t\t<\/section>\n\t\t\t\t<\/div>\n\t\t","protected":false},"excerpt":{"rendered":"<p>Aviso Legal Este aviso legal regula o uso do site www.ankarsa.com (posteriormente referido como \u201csite\u201d ou \u201cwebsite\u201d) da Construcciones y obras Ankarsa, s.a. &#8211; sucursal em Portugal com NIF 980 689 767. LEGISLA\u00c7\u00c3O Em geral, as rela\u00e7\u00f5es entre a Construcciones y obras Ankarsa, s.a. &#8211; sucursal em Portugal e os utilizadores dos seus servi\u00e7os telem\u00e1ticos, [&hellip;]<\/p>\n","protected":false},"author":1,"featured_media":0,"parent":0,"menu_order":0,"comment_status":"closed","ping_status":"closed","template":"","meta":{"_acf_changed":false,"inline_featured_image":false,"footnotes":""},"class_list":["post-3519","page","type-page","status-publish","hentry"],"acf":[],"_links":{"self":[{"href":"https:\/\/ankarsa.com\/pt-pt\/wp-json\/wp\/v2\/pages\/3519","targetHints":{"allow":["GET"]}}],"collection":[{"href":"https:\/\/ankarsa.com\/pt-pt\/wp-json\/wp\/v2\/pages"}],"about":[{"href":"https:\/\/ankarsa.com\/pt-pt\/wp-json\/wp\/v2\/types\/page"}],"author":[{"embeddable":true,"href":"https:\/\/ankarsa.com\/pt-pt\/wp-json\/wp\/v2\/users\/1"}],"replies":[{"embeddable":true,"href":"https:\/\/ankarsa.com\/pt-pt\/wp-json\/wp\/v2\/comments?post=3519"}],"version-history":[{"count":4,"href":"https:\/\/ankarsa.com\/pt-pt\/wp-json\/wp\/v2\/pages\/3519\/revisions"}],"predecessor-version":[{"id":3745,"href":"https:\/\/ankarsa.com\/pt-pt\/wp-json\/wp\/v2\/pages\/3519\/revisions\/3745"}],"wp:attachment":[{"href":"https:\/\/ankarsa.com\/pt-pt\/wp-json\/wp\/v2\/media?parent=3519"}],"curies":[{"name":"wp","href":"https:\/\/api.w.org\/{rel}","templated":true}]}}