{"id":3510,"date":"2023-07-28T14:47:42","date_gmt":"2023-07-28T12:47:42","guid":{"rendered":"https:\/\/ankarsa.com\/inicio\/"},"modified":"2025-07-10T12:33:00","modified_gmt":"2025-07-10T10:33:00","slug":"inicio","status":"publish","type":"page","link":"https:\/\/ankarsa.com\/pt-pt\/","title":{"rendered":"Casa"},"content":{"rendered":"\t\t<div data-elementor-type=\"wp-page\" data-elementor-id=\"3510\" class=\"elementor elementor-3510\">\n\t\t\t\t\t\t<section class=\"elementor-section elementor-top-section elementor-element elementor-element-c8b6aa5 elementor-section-full_width s-cabecera --home bg-dark elementor-section-height-default elementor-section-height-default\" data-id=\"c8b6aa5\" data-element_type=\"section\">\n\t\t\t\t\t\t<div class=\"elementor-container elementor-column-gap-default\">\n\t\t\t\t\t<div class=\"elementor-column elementor-col-100 elementor-top-column elementor-element elementor-element-2c9d42d\" data-id=\"2c9d42d\" data-element_type=\"column\">\n\t\t\t<div class=\"elementor-widget-wrap elementor-element-populated\">\n\t\t\t\t\t\t<div class=\"elementor-element elementor-element-2521ce2 elementor-widget elementor-widget-shortcode\" data-id=\"2521ce2\" data-element_type=\"widget\" data-widget_type=\"shortcode.default\">\n\t\t\t\t<div class=\"elementor-widget-container\">\n\t\t\t\t\t\t\t<div class=\"elementor-shortcode\"><div class=\"slider-home\"><div class=\"swiper-container swiper-container-home\"><div class=\"swiper-wrapper\"><div class=\"swiper-slide slide-1\"><img fetchpriority=\"high\" decoding=\"async\" class=\"slide-img\" src=\"https:\/\/ankarsa.com\/wp-content\/uploads\/cabecera-palacete.jpg\" alt=\"\" width=\"1920\" height=\"550\"><img decoding=\"async\" class=\"slide-img --mobile\" src=\"https:\/\/ankarsa.com\/wp-content\/uploads\/cabecera-palacete.jpg\" alt=\"\" width=\"767\" height=\"440\"><div class=\"swiper-slide__inner\"><img decoding=\"async\" class=\"logo-slide\" src=\"https:\/\/ankarsa.com\/wp-content\/uploads\/ankarsa-logo-white.svg\" alt=\"\"><div class=\"buttons-container\"><\/div><\/div><\/div><div class=\"swiper-slide slide-2\"><img decoding=\"async\" class=\"slide-img\" src=\"https:\/\/ankarsa.com\/wp-content\/uploads\/cabecera-shigeru-ban.jpg\" alt=\"\" width=\"1920\" height=\"550\"><img loading=\"lazy\" decoding=\"async\" class=\"slide-img --mobile\" src=\"https:\/\/ankarsa.com\/wp-content\/uploads\/cabecera-shigeru-ban.jpg\" alt=\"\" width=\"767\" height=\"440\"><div class=\"swiper-slide__inner\"><img decoding=\"async\" class=\"logo-slide\" src=\"https:\/\/ankarsa.com\/wp-content\/uploads\/ankarsa-logo-white-1.svg\" alt=\"\"><div class=\"buttons-container\"><\/div><\/div><\/div><div class=\"swiper-slide slide-3\"><img loading=\"lazy\" decoding=\"async\" class=\"slide-img\" src=\"https:\/\/ankarsa.com\/wp-content\/uploads\/slide-3.jpg\" alt=\"\" width=\"1920\" height=\"550\"><img loading=\"lazy\" decoding=\"async\" class=\"slide-img --mobile\" src=\"https:\/\/ankarsa.com\/wp-content\/uploads\/slide-3.jpg\" alt=\"\" width=\"767\" height=\"440\"><div class=\"swiper-slide__inner\"><img decoding=\"async\" class=\"logo-slide\" src=\"https:\/\/ankarsa.com\/wp-content\/uploads\/ankarsa-logo-white.svg\" alt=\"\"><div class=\"buttons-container\"><\/div><\/div><\/div><div class=\"swiper-slide slide-4\"><img loading=\"lazy\" decoding=\"async\" class=\"slide-img\" src=\"https:\/\/ankarsa.com\/wp-content\/uploads\/slide-3-2.jpg\" alt=\"\" width=\"1920\" height=\"550\"><img loading=\"lazy\" decoding=\"async\" class=\"slide-img --mobile\" src=\"https:\/\/ankarsa.com\/wp-content\/uploads\/slide-3-2.jpg\" alt=\"\" width=\"767\" height=\"440\"><div class=\"swiper-slide__inner\"><img decoding=\"async\" class=\"logo-slide\" src=\"https:\/\/ankarsa.com\/wp-content\/uploads\/ankarsa-logo-white-1.svg\" alt=\"\"><div class=\"buttons-container\"><\/div><\/div><\/div><\/div><div class=\"swiper-button-prev swiper-button-prev-home\"><\/div><div class=\"swiper-button-next swiper-button-next-home\"><\/div><\/div><\/div><\/div>\n\t\t\t\t\t\t<\/div>\n\t\t\t\t<\/div>\n\t\t\t\t\t<\/div>\n\t\t<\/div>\n\t\t\t\t\t<\/div>\n\t\t<\/section>\n\t\t\t\t<section class=\"elementor-section elementor-top-section elementor-element elementor-element-e7f11d3 s-main pb-180 pb-md-90 elementor-section-boxed elementor-section-height-default elementor-section-height-default\" data-id=\"e7f11d3\" data-element_type=\"section\">\n\t\t\t\t\t\t<div class=\"elementor-container elementor-column-gap-default\">\n\t\t\t\t\t<div class=\"elementor-column elementor-col-100 elementor-top-column elementor-element elementor-element-99d91cc\" data-id=\"99d91cc\" data-element_type=\"column\">\n\t\t\t<div class=\"elementor-widget-wrap elementor-element-populated\">\n\t\t\t\t\t\t<div class=\"elementor-element elementor-element-112e664 elementor-widget elementor-widget-heading\" data-id=\"112e664\" data-element_type=\"widget\" data-widget_type=\"heading.default\">\n\t\t\t\t<div class=\"elementor-widget-container\">\n\t\t\t\t\t<h2 class=\"elementor-heading-title elementor-size-default\">Atividades<\/h2>\t\t\t\t<\/div>\n\t\t\t\t<\/div>\n\t\t\t\t<section class=\"elementor-section elementor-inner-section elementor-element elementor-element-df16caf w-card elementor-section-boxed elementor-section-height-default elementor-section-height-default\" data-id=\"df16caf\" data-element_type=\"section\">\n\t\t\t\t\t\t<div class=\"elementor-container elementor-column-gap-default\">\n\t\t\t\t\t<div class=\"elementor-column elementor-col-16 elementor-inner-column elementor-element elementor-element-17cb383\" data-id=\"17cb383\" data-element_type=\"column\">\n\t\t\t<div class=\"elementor-widget-wrap elementor-element-populated\">\n\t\t\t\t\t\t<div class=\"elementor-element elementor-element-6bfcd1e elementor-position-top elementor-widget elementor-widget-image-box\" data-id=\"6bfcd1e\" data-element_type=\"widget\" data-widget_type=\"image-box.default\">\n\t\t\t\t<div class=\"elementor-widget-container\">\n\t\t\t\t\t<div class=\"elementor-image-box-wrapper\"><figure class=\"elementor-image-box-img\"><a href=\"https:\/\/ankarsa.com\/pt-pt\/retail\/\" tabindex=\"-1\"><img loading=\"lazy\" decoding=\"async\" width=\"1200\" height=\"800\" src=\"https:\/\/ankarsa.com\/wp-content\/uploads\/centro-comercial-alcampo.jpg\" class=\"attachment-full size-full wp-image-2220\" alt=\"\" srcset=\"https:\/\/ankarsa.com\/wp-content\/uploads\/centro-comercial-alcampo.jpg 1200w, https:\/\/ankarsa.com\/wp-content\/uploads\/centro-comercial-alcampo-300x200.jpg 300w, https:\/\/ankarsa.com\/wp-content\/uploads\/centro-comercial-alcampo-1024x683.jpg 1024w, https:\/\/ankarsa.com\/wp-content\/uploads\/centro-comercial-alcampo-768x512.jpg 768w\" sizes=\"(max-width: 1200px) 100vw, 1200px\" \/><\/a><\/figure><div class=\"elementor-image-box-content\"><h3 class=\"elementor-image-box-title\"><a href=\"https:\/\/ankarsa.com\/pt-pt\/retail\/\">Retalho<\/a><\/h3><\/div><\/div>\t\t\t\t<\/div>\n\t\t\t\t<\/div>\n\t\t\t\t\t<\/div>\n\t\t<\/div>\n\t\t\t\t<div class=\"elementor-column elementor-col-16 elementor-inner-column elementor-element elementor-element-b170008\" data-id=\"b170008\" data-element_type=\"column\">\n\t\t\t<div class=\"elementor-widget-wrap elementor-element-populated\">\n\t\t\t\t\t\t<div class=\"elementor-element elementor-element-5468cb2 elementor-position-top elementor-widget elementor-widget-image-box\" data-id=\"5468cb2\" data-element_type=\"widget\" data-widget_type=\"image-box.default\">\n\t\t\t\t<div class=\"elementor-widget-container\">\n\t\t\t\t\t<div class=\"elementor-image-box-wrapper\"><figure class=\"elementor-image-box-img\"><a href=\"https:\/\/ankarsa.com\/pt-pt\/escritorios\/\" tabindex=\"-1\"><img loading=\"lazy\" decoding=\"async\" width=\"1200\" height=\"800\" src=\"https:\/\/ankarsa.com\/wp-content\/uploads\/oficinas.jpg\" class=\"attachment-full size-full wp-image-495\" alt=\"\" srcset=\"https:\/\/ankarsa.com\/wp-content\/uploads\/oficinas.jpg 1200w, https:\/\/ankarsa.com\/wp-content\/uploads\/oficinas-300x200.jpg 300w, https:\/\/ankarsa.com\/wp-content\/uploads\/oficinas-1024x683.jpg 1024w, https:\/\/ankarsa.com\/wp-content\/uploads\/oficinas-768x512.jpg 768w\" sizes=\"(max-width: 1200px) 100vw, 1200px\" \/><\/a><\/figure><div class=\"elementor-image-box-content\"><h3 class=\"elementor-image-box-title\"><a href=\"https:\/\/ankarsa.com\/pt-pt\/escritorios\/\">Escrit\u00f3rios<\/a><\/h3><\/div><\/div>\t\t\t\t<\/div>\n\t\t\t\t<\/div>\n\t\t\t\t\t<\/div>\n\t\t<\/div>\n\t\t\t\t<div class=\"elementor-column elementor-col-16 elementor-inner-column elementor-element elementor-element-2d7f08c\" data-id=\"2d7f08c\" data-element_type=\"column\">\n\t\t\t<div class=\"elementor-widget-wrap elementor-element-populated\">\n\t\t\t\t\t\t<div class=\"elementor-element elementor-element-86c78cc elementor-position-top elementor-widget elementor-widget-image-box\" data-id=\"86c78cc\" data-element_type=\"widget\" data-widget_type=\"image-box.default\">\n\t\t\t\t<div class=\"elementor-widget-container\">\n\t\t\t\t\t<div class=\"elementor-image-box-wrapper\"><figure class=\"elementor-image-box-img\"><a href=\"https:\/\/ankarsa.com\/pt-pt\/edificacao\/\" tabindex=\"-1\"><img loading=\"lazy\" decoding=\"async\" width=\"1200\" height=\"800\" src=\"https:\/\/ankarsa.com\/wp-content\/uploads\/edificacion.jpg\" class=\"attachment-full size-full wp-image-496\" alt=\"\" srcset=\"https:\/\/ankarsa.com\/wp-content\/uploads\/edificacion.jpg 1200w, https:\/\/ankarsa.com\/wp-content\/uploads\/edificacion-300x200.jpg 300w, https:\/\/ankarsa.com\/wp-content\/uploads\/edificacion-1024x683.jpg 1024w, https:\/\/ankarsa.com\/wp-content\/uploads\/edificacion-768x512.jpg 768w\" sizes=\"(max-width: 1200px) 100vw, 1200px\" \/><\/a><\/figure><div class=\"elementor-image-box-content\"><h3 class=\"elementor-image-box-title\"><a href=\"https:\/\/ankarsa.com\/pt-pt\/edificacao\/\">Edifica\u00e7\u00e3o<\/a><\/h3><\/div><\/div>\t\t\t\t<\/div>\n\t\t\t\t<\/div>\n\t\t\t\t\t<\/div>\n\t\t<\/div>\n\t\t\t\t<div class=\"elementor-column elementor-col-16 elementor-inner-column elementor-element elementor-element-c82341f\" data-id=\"c82341f\" data-element_type=\"column\">\n\t\t\t<div class=\"elementor-widget-wrap elementor-element-populated\">\n\t\t\t\t\t\t<div class=\"elementor-element elementor-element-04a8f93 elementor-position-top elementor-widget elementor-widget-image-box\" data-id=\"04a8f93\" data-element_type=\"widget\" data-widget_type=\"image-box.default\">\n\t\t\t\t<div class=\"elementor-widget-container\">\n\t\t\t\t\t<div class=\"elementor-image-box-wrapper\"><figure class=\"elementor-image-box-img\"><a href=\"https:\/\/ankarsa.com\/pt-pt\/obra-industrial\/\" tabindex=\"-1\"><img loading=\"lazy\" decoding=\"async\" width=\"768\" height=\"512\" src=\"https:\/\/ankarsa.com\/wp-content\/uploads\/obra-industrial-768x512-1.jpg\" class=\"attachment-full size-full wp-image-2373\" alt=\"\" srcset=\"https:\/\/ankarsa.com\/wp-content\/uploads\/obra-industrial-768x512-1.jpg 768w, https:\/\/ankarsa.com\/wp-content\/uploads\/obra-industrial-768x512-1-300x200.jpg 300w\" sizes=\"(max-width: 768px) 100vw, 768px\" \/><\/a><\/figure><div class=\"elementor-image-box-content\"><h3 class=\"elementor-image-box-title\"><a href=\"https:\/\/ankarsa.com\/pt-pt\/obra-industrial\/\">Obra Industrial<\/a><\/h3><\/div><\/div>\t\t\t\t<\/div>\n\t\t\t\t<\/div>\n\t\t\t\t\t<\/div>\n\t\t<\/div>\n\t\t\t\t<div class=\"elementor-column elementor-col-16 elementor-inner-column elementor-element elementor-element-2a06b32\" data-id=\"2a06b32\" data-element_type=\"column\">\n\t\t\t<div class=\"elementor-widget-wrap elementor-element-populated\">\n\t\t\t\t\t\t<div class=\"elementor-element elementor-element-58a8cb7 elementor-position-top elementor-widget elementor-widget-image-box\" data-id=\"58a8cb7\" data-element_type=\"widget\" data-widget_type=\"image-box.default\">\n\t\t\t\t<div class=\"elementor-widget-container\">\n\t\t\t\t\t<div class=\"elementor-image-box-wrapper\"><figure class=\"elementor-image-box-img\"><a href=\"https:\/\/ankarsa.com\/pt-pt\/urbanizacao\/\" tabindex=\"-1\"><img loading=\"lazy\" decoding=\"async\" width=\"1200\" height=\"800\" src=\"https:\/\/ankarsa.com\/wp-content\/uploads\/urbanizacion.jpg\" class=\"attachment-full size-full wp-image-498\" alt=\"\" srcset=\"https:\/\/ankarsa.com\/wp-content\/uploads\/urbanizacion.jpg 1200w, https:\/\/ankarsa.com\/wp-content\/uploads\/urbanizacion-300x200.jpg 300w, https:\/\/ankarsa.com\/wp-content\/uploads\/urbanizacion-1024x683.jpg 1024w, https:\/\/ankarsa.com\/wp-content\/uploads\/urbanizacion-768x512.jpg 768w\" sizes=\"(max-width: 1200px) 100vw, 1200px\" \/><\/a><\/figure><div class=\"elementor-image-box-content\"><h3 class=\"elementor-image-box-title\"><a href=\"https:\/\/ankarsa.com\/pt-pt\/urbanizacao\/\">Urbaniza\u00e7\u00e3o<\/a><\/h3><\/div><\/div>\t\t\t\t<\/div>\n\t\t\t\t<\/div>\n\t\t\t\t\t<\/div>\n\t\t<\/div>\n\t\t\t\t<div class=\"elementor-column elementor-col-16 elementor-inner-column elementor-element elementor-element-28d379a\" data-id=\"28d379a\" data-element_type=\"column\">\n\t\t\t<div class=\"elementor-widget-wrap elementor-element-populated\">\n\t\t\t\t\t\t<div class=\"elementor-element elementor-element-659a9dd elementor-position-top elementor-widget elementor-widget-image-box\" data-id=\"659a9dd\" data-element_type=\"widget\" data-widget_type=\"image-box.default\">\n\t\t\t\t<div class=\"elementor-widget-container\">\n\t\t\t\t\t<div class=\"elementor-image-box-wrapper\"><figure class=\"elementor-image-box-img\"><a href=\"https:\/\/ankarsa.com\/pt-pt\/reabilitacao\/\" tabindex=\"-1\"><img loading=\"lazy\" decoding=\"async\" width=\"1200\" height=\"800\" src=\"https:\/\/ankarsa.com\/wp-content\/uploads\/palacete-1.jpg\" class=\"attachment-full size-full wp-image-2224\" alt=\"\" srcset=\"https:\/\/ankarsa.com\/wp-content\/uploads\/palacete-1.jpg 1200w, https:\/\/ankarsa.com\/wp-content\/uploads\/palacete-1-300x200.jpg 300w, https:\/\/ankarsa.com\/wp-content\/uploads\/palacete-1-1024x683.jpg 1024w, https:\/\/ankarsa.com\/wp-content\/uploads\/palacete-1-768x512.jpg 768w\" sizes=\"(max-width: 1200px) 100vw, 1200px\" \/><\/a><\/figure><div class=\"elementor-image-box-content\"><h3 class=\"elementor-image-box-title\"><a href=\"https:\/\/ankarsa.com\/pt-pt\/reabilitacao\/\">Reabilita\u00e7\u00e3o<\/a><\/h3><\/div><\/div>\t\t\t\t<\/div>\n\t\t\t\t<\/div>\n\t\t\t\t\t<\/div>\n\t\t<\/div>\n\t\t\t\t\t<\/div>\n\t\t<\/section>\n\t\t\t\t\t<\/div>\n\t\t<\/div>\n\t\t\t\t\t<\/div>\n\t\t<\/section>\n\t\t\t\t<section class=\"elementor-section elementor-top-section elementor-element elementor-element-508a995 bg-medium pico-top pico-bot elementor-section-boxed elementor-section-height-default elementor-section-height-default\" data-id=\"508a995\" data-element_type=\"section\">\n\t\t\t\t\t\t<div class=\"elementor-container elementor-column-gap-default\">\n\t\t\t\t\t<div class=\"elementor-column elementor-col-66 elementor-top-column elementor-element elementor-element-dc281b9\" data-id=\"dc281b9\" data-element_type=\"column\">\n\t\t\t<div class=\"elementor-widget-wrap elementor-element-populated\">\n\t\t\t\t\t\t<div class=\"elementor-element elementor-element-2a774c7 elementor-widget elementor-widget-heading\" data-id=\"2a774c7\" data-element_type=\"widget\" data-widget_type=\"heading.default\">\n\t\t\t\t<div class=\"elementor-widget-container\">\n\t\t\t\t\t<h2 class=\"elementor-heading-title elementor-size-default\">Ankarsa<\/h2>\t\t\t\t<\/div>\n\t\t\t\t<\/div>\n\t\t\t\t<div class=\"elementor-element elementor-element-33bca98 c-listado-arrows fz-20 elementor-widget elementor-widget-text-editor\" data-id=\"33bca98\" data-element_type=\"widget\" data-widget_type=\"text-editor.default\">\n\t\t\t\t<div class=\"elementor-widget-container\">\n\t\t\t\t\t\t\t\t\t<ul><li>Qualidade<\/li><li>Compromisso com o cliente<\/li><li>Inova\u00e7\u00e3o<\/li><li>Respeito pelo meio ambiente<\/li><\/ul>\t\t\t\t\t\t\t\t<\/div>\n\t\t\t\t<\/div>\n\t\t\t\t<div class=\"elementor-element elementor-element-86a7d5a fz-20 elementor-widget elementor-widget-text-editor\" data-id=\"86a7d5a\" data-element_type=\"widget\" data-widget_type=\"text-editor.default\">\n\t\t\t\t<div class=\"elementor-widget-container\">\n\t\t\t\t\t\t\t\t\t<p>A Ankarsa \u00e9 uma empresa s\u00f3lida e experiente que desenvolve a sua atividade em Espanha desde 1994 e em Portugal desde 2019.<\/p>\t\t\t\t\t\t\t\t<\/div>\n\t\t\t\t<\/div>\n\t\t\t\t<div class=\"elementor-element elementor-element-292fbeb fz-20 elementor-widget elementor-widget-text-editor\" data-id=\"292fbeb\" data-element_type=\"widget\" data-widget_type=\"text-editor.default\">\n\t\t\t\t<div class=\"elementor-widget-container\">\n\t\t\t\t\t\t\t\t\t<p>Atualmente, est\u00e1 a expandir-se internacionalmente em busca de novas oportunidades de neg\u00f3cio.<\/p>\t\t\t\t\t\t\t\t<\/div>\n\t\t\t\t<\/div>\n\t\t\t\t<div class=\"elementor-element elementor-element-f5c958a --dark elementor-mobile-align-center elementor-widget elementor-widget-button\" data-id=\"f5c958a\" data-element_type=\"widget\" data-widget_type=\"button.default\">\n\t\t\t\t<div class=\"elementor-widget-container\">\n\t\t\t\t\t\t\t\t\t<div class=\"elementor-button-wrapper\">\n\t\t\t\t\t<a class=\"elementor-button elementor-button-link elementor-size-sm\" href=\"https:\/\/ankarsa.com\/pt-pt\/quem-somos\/\">\n\t\t\t\t\t\t<span class=\"elementor-button-content-wrapper\">\n\t\t\t\t\t\t\t\t\t<span class=\"elementor-button-text\">Sabe mais sobre n\u00f3s<\/span>\n\t\t\t\t\t<\/span>\n\t\t\t\t\t<\/a>\n\t\t\t\t<\/div>\n\t\t\t\t\t\t\t\t<\/div>\n\t\t\t\t<\/div>\n\t\t\t\t\t<\/div>\n\t\t<\/div>\n\t\t\t\t<div class=\"elementor-column elementor-col-33 elementor-top-column elementor-element elementor-element-4f6762a c-img-full\" data-id=\"4f6762a\" data-element_type=\"column\">\n\t\t\t<div class=\"elementor-widget-wrap elementor-element-populated\">\n\t\t\t\t\t\t<div class=\"elementor-element elementor-element-d056d43 elementor-widget elementor-widget-image\" data-id=\"d056d43\" data-element_type=\"widget\" data-widget_type=\"image.default\">\n\t\t\t\t<div class=\"elementor-widget-container\">\n\t\t\t\t\t\t\t\t\t\t\t\t\t\t\t<img loading=\"lazy\" decoding=\"async\" width=\"800\" height=\"585\" src=\"https:\/\/ankarsa.com\/wp-content\/uploads\/mapa-1024x749.png\" class=\"attachment-large size-large wp-image-2576\" alt=\"\" srcset=\"https:\/\/ankarsa.com\/wp-content\/uploads\/mapa-1024x749.png 1024w, https:\/\/ankarsa.com\/wp-content\/uploads\/mapa-300x219.png 300w, https:\/\/ankarsa.com\/wp-content\/uploads\/mapa-768x562.png 768w, https:\/\/ankarsa.com\/wp-content\/uploads\/mapa.png 1235w\" sizes=\"(max-width: 800px) 100vw, 800px\" \/>\t\t\t\t\t\t\t\t\t\t\t\t\t\t\t<\/div>\n\t\t\t\t<\/div>\n\t\t\t\t\t<\/div>\n\t\t<\/div>\n\t\t\t\t\t<\/div>\n\t\t<\/section>\n\t\t\t\t<section class=\"elementor-section elementor-top-section elementor-element elementor-element-20ae633 bg-dark pt-140 pt-md-80 pb-100 pb-md-40 elementor-section-boxed elementor-section-height-default elementor-section-height-default\" data-id=\"20ae633\" data-element_type=\"section\">\n\t\t\t\t\t\t<div class=\"elementor-container elementor-column-gap-default\">\n\t\t\t\t\t<div class=\"elementor-column elementor-col-100 elementor-top-column elementor-element elementor-element-5ec7262\" data-id=\"5ec7262\" data-element_type=\"column\">\n\t\t\t<div class=\"elementor-widget-wrap elementor-element-populated\">\n\t\t\t\t\t\t<div class=\"elementor-element elementor-element-c881487 elementor-widget elementor-widget-image\" data-id=\"c881487\" data-element_type=\"widget\" data-widget_type=\"image.default\">\n\t\t\t\t<div class=\"elementor-widget-container\">\n\t\t\t\t\t\t\t\t\t\t\t\t\t\t\t<img decoding=\"async\" src=\"https:\/\/ankarsa.com\/wp-content\/uploads\/2023\/07\/area2-logo.png\" title=\"area2-logo\" alt=\"area2-logo\" loading=\"lazy\" \/>\t\t\t\t\t\t\t\t\t\t\t\t\t\t\t<\/div>\n\t\t\t\t<\/div>\n\t\t\t\t<div class=\"elementor-element elementor-element-3d82562 mt-20 elementor-widget elementor-widget-heading\" data-id=\"3d82562\" data-element_type=\"widget\" data-widget_type=\"heading.default\">\n\t\t\t\t<div class=\"elementor-widget-container\">\n\t\t\t\t\t<h2 class=\"elementor-heading-title elementor-size-default\">Instala\u00e7\u00f5es el\u00e9ctricas e mec\u00e2nicas<\/h2>\t\t\t\t<\/div>\n\t\t\t\t<\/div>\n\t\t\t\t<div class=\"elementor-element elementor-element-6d0c498 fz-20 elementor-widget elementor-widget-text-editor\" data-id=\"6d0c498\" data-element_type=\"widget\" data-widget_type=\"text-editor.default\">\n\t\t\t\t<div class=\"elementor-widget-container\">\n\t\t\t\t\t\t\t\t\t<p>A Area2 Instala\u00e7\u00f5es El\u00e9tricas e Mec\u00e2nicas, S.A. \u00e9 uma empresa composta por uma equipa com vasta experi\u00eancia no setor, que atende os seus clientes procurando fornecer um servi\u00e7o eficiente e de qualidade, tanto em pequenos trabalhos como em grandes obras.<\/p>\t\t\t\t\t\t\t\t<\/div>\n\t\t\t\t<\/div>\n\t\t\t\t<div class=\"elementor-element elementor-element-26116f0 --light elementor-mobile-align-center elementor-widget elementor-widget-button\" data-id=\"26116f0\" data-element_type=\"widget\" data-widget_type=\"button.default\">\n\t\t\t\t<div class=\"elementor-widget-container\">\n\t\t\t\t\t\t\t\t\t<div class=\"elementor-button-wrapper\">\n\t\t\t\t\t<a class=\"elementor-button elementor-button-link elementor-size-sm\" href=\"http:\/\/www.area2instalaciones.com\/es\/\" target=\"_blank\">\n\t\t\t\t\t\t<span class=\"elementor-button-content-wrapper\">\n\t\t\t\t\t\t\t\t\t<span class=\"elementor-button-text\">Descobrir<\/span>\n\t\t\t\t\t<\/span>\n\t\t\t\t\t<\/a>\n\t\t\t\t<\/div>\n\t\t\t\t\t\t\t\t<\/div>\n\t\t\t\t<\/div>\n\t\t\t\t\t<\/div>\n\t\t<\/div>\n\t\t\t\t\t<\/div>\n\t\t<\/section>\n\t\t\t\t<section class=\"elementor-section elementor-top-section elementor-element elementor-element-9886192 s-scma elementor-section-boxed elementor-section-height-default elementor-section-height-default\" data-id=\"9886192\" data-element_type=\"section\">\n\t\t\t\t\t\t<div class=\"elementor-container elementor-column-gap-default\">\n\t\t\t\t\t<div class=\"elementor-column elementor-col-50 elementor-top-column elementor-element elementor-element-c15d18e py-40 pr-10\" data-id=\"c15d18e\" data-element_type=\"column\">\n\t\t\t<div class=\"elementor-widget-wrap elementor-element-populated\">\n\t\t\t\t\t\t<div class=\"elementor-element elementor-element-4de2ae5 elementor-widget elementor-widget-heading\" data-id=\"4de2ae5\" data-element_type=\"widget\" data-widget_type=\"heading.default\">\n\t\t\t\t<div class=\"elementor-widget-container\">\n\t\t\t\t\t<h2 class=\"elementor-heading-title elementor-size-default\">Sistema de Qualidade e Meio Ambiente<\/h2>\t\t\t\t<\/div>\n\t\t\t\t<\/div>\n\t\t\t\t<div class=\"elementor-element elementor-element-d8ce556 fz-20 elementor-widget elementor-widget-text-editor\" data-id=\"d8ce556\" data-element_type=\"widget\" data-widget_type=\"text-editor.default\">\n\t\t\t\t<div class=\"elementor-widget-container\">\n\t\t\t\t\t\t\t\t\t<p>A nossa empresa possui certifica\u00e7\u00f5es de qualidade e meio ambiente de acordo com as normas internacionais atribu\u00eddas pela entidade certificadora Aenor (Espanha) e EIC (Portugal).<\/p>\t\t\t\t\t\t\t\t<\/div>\n\t\t\t\t<\/div>\n\t\t\t\t<div class=\"elementor-element elementor-element-14581fb --arrow elementor-widget elementor-widget-button\" data-id=\"14581fb\" data-element_type=\"widget\" data-widget_type=\"button.default\">\n\t\t\t\t<div class=\"elementor-widget-container\">\n\t\t\t\t\t\t\t\t\t<div class=\"elementor-button-wrapper\">\n\t\t\t\t\t<a class=\"elementor-button elementor-button-link elementor-size-sm\" href=\"https:\/\/ankarsa.com\/pt-pt\/qualidade-e-meio-ambiente\/\">\n\t\t\t\t\t\t<span class=\"elementor-button-content-wrapper\">\n\t\t\t\t\t\t\t\t\t<span class=\"elementor-button-text\">Ver mais<\/span>\n\t\t\t\t\t<\/span>\n\t\t\t\t\t<\/a>\n\t\t\t\t<\/div>\n\t\t\t\t\t\t\t\t<\/div>\n\t\t\t\t<\/div>\n\t\t\t\t\t<\/div>\n\t\t<\/div>\n\t\t\t\t<div class=\"elementor-column elementor-col-50 elementor-top-column elementor-element elementor-element-70592f8 c-img-full\" data-id=\"70592f8\" data-element_type=\"column\">\n\t\t\t<div class=\"elementor-widget-wrap elementor-element-populated\">\n\t\t\t\t\t\t<div class=\"elementor-element elementor-element-67221ce elementor-widget elementor-widget-image\" data-id=\"67221ce\" data-element_type=\"widget\" data-widget_type=\"image.default\">\n\t\t\t\t<div class=\"elementor-widget-container\">\n\t\t\t\t\t\t\t\t\t\t\t\t\t\t\t<img loading=\"lazy\" decoding=\"async\" width=\"800\" height=\"505\" src=\"https:\/\/ankarsa.com\/wp-content\/uploads\/2023\/07\/img-home.jpg\" class=\"attachment-large size-large wp-image-40\" alt=\"\" srcset=\"https:\/\/ankarsa.com\/wp-content\/uploads\/2023\/07\/img-home.jpg 910w, https:\/\/ankarsa.com\/wp-content\/uploads\/2023\/07\/img-home-300x190.jpg 300w, https:\/\/ankarsa.com\/wp-content\/uploads\/2023\/07\/img-home-768x485.jpg 768w\" sizes=\"(max-width: 800px) 100vw, 800px\" \/>\t\t\t\t\t\t\t\t\t\t\t\t\t\t\t<\/div>\n\t\t\t\t<\/div>\n\t\t\t\t\t<\/div>\n\t\t<\/div>\n\t\t\t\t\t<\/div>\n\t\t<\/section>\n\t\t\t\t<\/div>\n\t\t","protected":false},"excerpt":{"rendered":"<p>Atividades Retalho Escrit\u00f3rios Edifica\u00e7\u00e3o Obra Industrial Urbaniza\u00e7\u00e3o Reabilita\u00e7\u00e3o Ankarsa Qualidade Compromisso com o cliente Inova\u00e7\u00e3o Respeito pelo meio ambiente A Ankarsa \u00e9 uma empresa s\u00f3lida e experiente que desenvolve a sua atividade em Espanha desde 1994 e em Portugal desde 2019. Atualmente, est\u00e1 a expandir-se internacionalmente em busca de novas oportunidades de neg\u00f3cio. Sabe mais [&hellip;]<\/p>\n","protected":false},"author":1,"featured_media":0,"parent":0,"menu_order":0,"comment_status":"closed","ping_status":"closed","template":"","meta":{"_acf_changed":false,"inline_featured_image":false,"footnotes":""},"class_list":["post-3510","page","type-page","status-publish","hentry"],"acf":[],"_links":{"self":[{"href":"https:\/\/ankarsa.com\/pt-pt\/wp-json\/wp\/v2\/pages\/3510","targetHints":{"allow":["GET"]}}],"collection":[{"href":"https:\/\/ankarsa.com\/pt-pt\/wp-json\/wp\/v2\/pages"}],"about":[{"href":"https:\/\/ankarsa.com\/pt-pt\/wp-json\/wp\/v2\/types\/page"}],"author":[{"embeddable":true,"href":"https:\/\/ankarsa.com\/pt-pt\/wp-json\/wp\/v2\/users\/1"}],"replies":[{"embeddable":true,"href":"https:\/\/ankarsa.com\/pt-pt\/wp-json\/wp\/v2\/comments?post=3510"}],"version-history":[{"count":18,"href":"https:\/\/ankarsa.com\/pt-pt\/wp-json\/wp\/v2\/pages\/3510\/revisions"}],"predecessor-version":[{"id":3816,"href":"https:\/\/ankarsa.com\/pt-pt\/wp-json\/wp\/v2\/pages\/3510\/revisions\/3816"}],"wp:attachment":[{"href":"https:\/\/ankarsa.com\/pt-pt\/wp-json\/wp\/v2\/media?parent=3510"}],"curies":[{"name":"wp","href":"https:\/\/api.w.org\/{rel}","templated":true}]}}